{"id":2783,"date":"2018-01-11T16:53:20","date_gmt":"2018-01-11T16:53:20","guid":{"rendered":"https:\/\/www.thenewyorkdoula.com\/lactation-consultation\/"},"modified":"2025-04-11T16:34:55","modified_gmt":"2025-04-11T16:34:55","slug":"still-und-laktationsberatung","status":"publish","type":"page","link":"https:\/\/www.thenewyorkdoula.com\/de\/leistungen\/still-und-laktationsberatung\/","title":{"rendered":"Deutschsprachige Wochenbett-Besuche und Stillberatung in NYC"},"content":{"rendered":"<div class=\"wpb-content-wrapper\"><div data-vc-full-width=\"true\" data-vc-full-width-temp=\"true\" data-vc-full-width-init=\"false\" class=\"vc_row wpb_row vc_row-fluid pink-row vc_custom_1520616277891\"><div class=\"wpb_column vc_column_container vc_col-sm-12\"><div class=\"vc_column-inner\"><div class=\"wpb_wrapper\"><h2 style=\"text-align: left\" class=\"vc_custom_heading vc_do_custom_heading vc_custom_1526667921809\" >Still- und Laktationsberatung<\/h2><div class=\"vc_row wpb_row vc_inner vc_row-fluid\"><div class=\"wpb_column vc_column_container vc_col-sm-4\"><div class=\"vc_column-inner\"><div class=\"wpb_wrapper\">\n\t<div  class=\"wpb_single_image wpb_content_element vc_align_left wpb_content_element\">\n\t\t\n\t\t<figure class=\"wpb_wrapper vc_figure\">\n\t\t\t<div class=\"vc_single_image-wrapper   vc_box_border_grey\"><img decoding=\"async\" class=\"vc_single_image-img \" src=\"https:\/\/www.thenewyorkdoula.com\/wp-content\/uploads\/2017\/11\/ThinkstockPhotos-836183076-300x300.jpg\" width=\"300\" height=\"300\" alt=\"ThinkstockPhotos-836183076\" title=\"ThinkstockPhotos-836183076\" loading=\"lazy\" \/><\/div>\n\t\t<\/figure>\n\t<\/div>\n<\/div><\/div><\/div><div class=\"wpb_column vc_column_container vc_col-sm-4\"><div class=\"vc_column-inner\"><div class=\"wpb_wrapper\">\n\t<div  class=\"wpb_single_image wpb_content_element vc_align_left wpb_content_element\">\n\t\t\n\t\t<figure class=\"wpb_wrapper vc_figure\">\n\t\t\t<div class=\"vc_single_image-wrapper   vc_box_border_grey\"><img decoding=\"async\" class=\"vc_single_image-img \" src=\"https:\/\/www.thenewyorkdoula.com\/wp-content\/uploads\/2018\/01\/ThinkstockPhotos-508608669-1-300x300.jpg\" width=\"300\" height=\"300\" alt=\"Little Boy Drinking Milk\" title=\"Little Boy Drinking Milk\" loading=\"lazy\" \/><\/div>\n\t\t<\/figure>\n\t<\/div>\n<\/div><\/div><\/div><div class=\"wpb_column vc_column_container vc_col-sm-4\"><div class=\"vc_column-inner\"><div class=\"wpb_wrapper\">\n\t<div  class=\"wpb_single_image wpb_content_element vc_align_left wpb_content_element\">\n\t\t\n\t\t<figure class=\"wpb_wrapper vc_figure\">\n\t\t\t<div class=\"vc_single_image-wrapper   vc_box_border_grey\"><img decoding=\"async\" class=\"vc_single_image-img \" src=\"https:\/\/www.thenewyorkdoula.com\/wp-content\/uploads\/2018\/01\/ThinkstockPhotos-57568164-300x300.jpg\" width=\"300\" height=\"300\" alt=\"Baby Feeding\" title=\"Baby Feeding\" loading=\"lazy\" \/><\/div>\n\t\t<\/figure>\n\t<\/div>\n<\/div><\/div><\/div><\/div><\/div><\/div><\/div><\/div><div class=\"vc_row-full-width vc_clearfix\"><\/div><!-- Row Backgrounds --><div class=\"upb_color\" data-bg-override=\"0\" data-bg-color=\"\" data-fadeout=\"\" data-fadeout-percentage=\"30\" data-parallax-content=\"\" data-parallax-content-sense=\"30\" data-row-effect-mobile-disable=\"true\" data-img-parallax-mobile-disable=\"true\" data-rtl=\"false\"  data-custom-vc-row=\"\"  data-vc=\"8.7.2\"  data-is_old_vc=\"\"  data-theme-support=\"\"   data-overlay=\"false\" data-overlay-color=\"\" data-overlay-pattern=\"\" data-overlay-pattern-opacity=\"\" data-overlay-pattern-size=\"\"    ><\/div><div data-vc-full-width=\"true\" data-vc-full-width-temp=\"true\" data-vc-full-width-init=\"false\" class=\"vc_row wpb_row vc_row-fluid light-pink-row\"><div class=\"wpb_column vc_column_container vc_col-sm-12\"><div class=\"vc_column-inner\"><div class=\"wpb_wrapper\">\n\t<div class=\"wpb_text_column wpb_content_element\" >\n\t\t<div class=\"wpb_wrapper\">\n\t\t\t<p>Herzlichen Gl\u00fcckwunsch! Du bist zuhause angekommen, hast die Krankenhausprozeduren unter Covid19 tapfer gemeistert und ein fantastisches Baby zur Welt gebracht! Und nun? Lass uns dein Baby f\u00fcttern!<\/p>\n<p>Gemeinsam werden wir eine Zeit erleben, bei der wir einen ma\u00dfgeschneiderten Plan erstellen, der perfekt zu den Bed\u00fcrfnissen deiner Familie passt. W\u00e4hrend meines Besuchs wirst du mit Wissen ausgestattet, um deine Still- oder F\u00fctterungsziele mit Selbstbewusstsein zu erreichen.<\/p>\n<p>\u00dcbrigens, lass uns eines klarstellen &#8211; du musst nicht stillen, um einen Beratungstermin mit mir zu vereinbaren! Die F\u00fctterung eines Babys kann auf vielf\u00e4ltige Weise perfekt sein, und wir werden herausfinden, was am besten f\u00fcr euch als einzigartige Familie funktioniert.<\/p>\n<p>W\u00e4hrend Stillen als beste Wahl f\u00fcr dein Kleines gilt, ist dein Wohlbefinden genauso wichtig. Ich moechte sicher sein, dass jeder Plan, den wir erstellen, auf deine Gesundheit, die Heilung nach der Geburt und dein Wohlbefinden R\u00fccksicht nimmt.<\/p>\n<p>Jetzt mal ehrlich &#8211; die F\u00fctterung eines kleinen Menschen ist keine leichte Aufgabe; manchmal f\u00fchlt es sich an wie ein olympisches Ereignis! Aber keine Sorge, wir werden es Schritt f\u00fcr Schritt angehen, mit Geduld und Realismus als unsere treuen Begleiter. Langsam und stetig werden wir uns auf diese Reise begeben, unsere Segel anpassen und mehr dar\u00fcber lernen, wie dein K\u00f6rper und dein Baby auf verschiedene Herangehensweisen reagieren.<\/p>\n<p><strong>Stillberatungen<\/strong><\/p>\n<p><strong>Virtuelle Konsultation<\/strong><strong>: <\/strong><\/p>\n<p><strong>60 Minuten: $175 fuer Dich und\u00a0 Dein Baby\/ $225 bei Zwillingen.<\/strong><\/p>\n<p><strong>30 Minuten: $95 <\/strong><strong>fuer Dich und\u00a0 Dein Baby\/ $145 bei Zwillingen.<\/strong><\/p>\n<p><strong>Hausbesuch:\u00a0<\/strong><\/p>\n<p><strong>90 Minuten: $495 Dich und\u00a0 Dein Baby\/ $525 bei Zwillingen. Inkl. eine Woche email follow-up.<\/strong><\/p>\n<p>Hast Du CIGNA-insurance? Dann zahlt die Kasse einen Grossteil!<\/p>\n<p><a href=\"https:\/\/thenewyorkbaby.as.me\/schedule.php\">Hier gehts zur Buchung<\/a><\/p>\n\n\t\t<\/div>\n\t<\/div>\n<\/div><\/div><\/div><\/div><div class=\"vc_row-full-width vc_clearfix\"><\/div><!-- Row Backgrounds --><div class=\"upb_color\" data-bg-override=\"0\" data-bg-color=\"\" data-fadeout=\"\" data-fadeout-percentage=\"30\" data-parallax-content=\"\" data-parallax-content-sense=\"30\" data-row-effect-mobile-disable=\"true\" data-img-parallax-mobile-disable=\"true\" data-rtl=\"false\"  data-custom-vc-row=\"\"  data-vc=\"8.7.2\"  data-is_old_vc=\"\"  data-theme-support=\"\"   data-overlay=\"false\" data-overlay-color=\"\" data-overlay-pattern=\"\" data-overlay-pattern-opacity=\"\" data-overlay-pattern-size=\"\"    ><\/div><div data-vc-full-width=\"true\" data-vc-full-width-temp=\"true\" data-vc-full-width-init=\"false\" class=\"vc_row wpb_row vc_row-fluid light-pink-row\"><div class=\"wpb_column vc_column_container vc_col-sm-12\"><div class=\"vc_column-inner\"><div class=\"wpb_wrapper\">\n\t<div class=\"wpb_text_column wpb_content_element\" >\n\t\t<div class=\"wpb_wrapper\">\n\t\t\t<p>Wusstest Du, dass US Krankenhassen oftmals eine Stillberatung erstatten? Ich bin in-network mit CIGNA; Du bekommst 5 Hausbesuche (travel fee) und 5 virtuelle Sitzungen.<\/p>\n<p>AETNA hat ebenfalls in-network Stillberaterinnen (was die M\u00fctter oftmals nie von der Kasse gesagt bekommen).<\/p>\n<p><a href=\"https:\/\/www.babylist.com\/hello-baby\/are-lactation-consultants-covered-by-insurance\">Hier<\/a> ein ein Link der New York Lactation Consultation Association Website zum Thema Kostenerstattung.<\/p>\n<p>Am besten, Du kontaktierst deine Versicherung bereits in der Schwangerschaft, sodass du weisst, ob und wieviel deine Kasse dir erstattet wird.<\/p>\n\n\t\t<\/div>\n\t<\/div>\n<\/div><\/div><\/div><\/div><div class=\"vc_row-full-width vc_clearfix\"><\/div><!-- Row Backgrounds --><div class=\"upb_color\" data-bg-override=\"0\" data-bg-color=\"\" data-fadeout=\"\" data-fadeout-percentage=\"30\" data-parallax-content=\"\" data-parallax-content-sense=\"30\" data-row-effect-mobile-disable=\"true\" data-img-parallax-mobile-disable=\"true\" data-rtl=\"false\"  data-custom-vc-row=\"\"  data-vc=\"8.7.2\"  data-is_old_vc=\"\"  data-theme-support=\"\"   data-overlay=\"false\" data-overlay-color=\"\" data-overlay-pattern=\"\" data-overlay-pattern-opacity=\"\" data-overlay-pattern-size=\"\"    ><\/div><div data-vc-full-width=\"true\" data-vc-full-width-temp=\"true\" data-vc-full-width-init=\"false\" class=\"vc_row wpb_row vc_row-fluid vc_custom_1516131907249\"><div class=\"wpb_column vc_column_container vc_col-sm-6\"><div class=\"vc_column-inner\"><div class=\"wpb_wrapper\">\n\t<div class=\"wpb_text_column wpb_content_element\" >\n\t\t<div class=\"wpb_wrapper\">\n\t\t\t<h3>Was passiert w\u00e4hrend der Beratung?<\/h3>\n<p>Stillen kann die wunderbarste Zeit im Wochenbett sein- oder die Stressigste. Mein Ziel ist es, das Wochenbett und Stillen f\u00fcr Dich angenehmer zu gestalten und Dir Tips und Tricks an die Hand zu geben, die Dir helfen koennen.<\/p>\n<ul>\n<li>Ziel-Setzung: Wir schauen uns an, was Dein Still-Ziel ist (z.B. tags stillen, nachts Flasche geben. Oder moeglichst nur Muttermilch an Dein Baby f\u00fcttern, egal wie. Oder ausnehmend Stillen). Du bekommst einen Plan, der Dir einen Ueberblick gibt, wie Du dieses Ziel erreichen kannst.<\/li>\n<li>Untersuchung Deines Babys: von Kopf bis Fuss wird Dein Baby untersucht. Saug-Technik, Zungenbaendchen, Kiefer, Nabel, Haut, Reflexe usw..<\/li>\n<li>Dein Baby bekommt einen weight-check.<\/li>\n<li>Idealerweise stillst Du irgendwann waehrend meines Hausbesuches\/video calls.<\/li>\n<li>Untersuchung der Brust und Besprechung, wenn Du Beschwerden hast (z.B. wunde Brustwarzen, Milcheinschuss etc.).<\/li>\n<li>Wir gehen \u00fcber Deine Fragen bzgl. des Wochenbettes: Ernaehrung, Tagesablauf, Schlaf, F\u00fctterungen, Wochenfluss, Heilung des Dammes\/einer Narbe, Brust-Pflege, Nutzung von Tools oder Pumpe, mental health etc.<\/li>\n<li>Ein 7-Tages- Action Plan wird erstellt.<\/li>\n<li>Dein\/e Kinderarzt\/Inexclusive bekommt einen exklusiven pediatrician report.<\/li>\n<li>Bei aelteren Babies besprechen wir die Einf\u00fchrung von solids.<\/li>\n<li>Eine Woche email-Beratung ist inklusive nach unserer Session.<\/li>\n<li>Du bekommst einen Superbill fuer Deine Krankenkasse.<\/li>\n<\/ul>\n\n\t\t<\/div>\n\t<\/div>\n<\/div><\/div><\/div><div class=\"wpb_column vc_column_container vc_col-sm-6\"><div class=\"vc_column-inner\"><div class=\"wpb_wrapper\">\n\t<div class=\"wpb_text_column wpb_content_element\" >\n\t\t<div class=\"wpb_wrapper\">\n\t\t\t<p style=\"text-align: center;\"><strong>Unsere gemeinsame Zeit\u00a0<\/strong><\/p>\n<ul>\n<li>Lerne das Geheimnis einer perfekten Anlegen-Technik.<\/li>\n<li>Was hilft bei wunden Brustwarzen oder schmerzenden Br\u00fcsten.<\/li>\n<li>Baby-Nabelpflege leicht gemacht. Warum weniger mehr ist.<\/li>\n<li>Partners als Super-Helfer- wie geht&#8217;s?<\/li>\n<li>Schutz vor Gelbsucht: wie Du Dein Baby vor Gelbsucht sch\u00fctzen kannst.<\/li>\n<li>Die erstaunliche Transformation, die Dein im K\u00f6rper im Wochenbett durchmacht, ist nat\u00fcrlich nicht immer willkommen. Wir schauen, wie Du die eine oder andere Beschwerde loswerden kannst und Dich schnell wieder fit und &#8222;zur\u00fcck in Deinen Koerper&#8220; f\u00fchlst.<\/li>\n<\/ul>\n\n\t\t<\/div>\n\t<\/div>\n<\/div><\/div><\/div><\/div><div class=\"vc_row-full-width vc_clearfix\"><\/div><!-- Row Backgrounds --><div class=\"upb_color\" data-bg-override=\"0\" data-bg-color=\"#ffffff\" data-fadeout=\"\" data-fadeout-percentage=\"30\" data-parallax-content=\"\" data-parallax-content-sense=\"30\" data-row-effect-mobile-disable=\"true\" data-img-parallax-mobile-disable=\"true\" data-rtl=\"false\"  data-custom-vc-row=\"\"  data-vc=\"8.7.2\"  data-is_old_vc=\"\"  data-theme-support=\"\"   data-overlay=\"false\" data-overlay-color=\"\" data-overlay-pattern=\"\" data-overlay-pattern-opacity=\"\" data-overlay-pattern-size=\"\"    ><\/div><div data-vc-full-width=\"true\" data-vc-full-width-temp=\"true\" data-vc-full-width-init=\"false\" class=\"vc_row wpb_row vc_row-fluid light-pink-row\"><div class=\"wpb_column vc_column_container vc_col-sm-12\"><div class=\"vc_column-inner\"><div class=\"wpb_wrapper\">\n\t<div class=\"wpb_text_column wpb_content_element\" >\n\t\t<div class=\"wpb_wrapper\">\n\t\t\t<p>Ganz gleich, ob Du noch schwanger bist und stillen m\u00f6chtest oder bereits die Geburt hinter Dir hast und Probleme mit dem Stillen oder gef\u00fchlt eine Millionen Fragen habst: die Still- und Laktationsberatung ist genau so wichtig wie die Unterst\u00fctzung bei der Geburt. Was genau ist eine Still- und Laktationsberaterin (IBCLC &#8211; International Board Certified Lactation Consultant)? Eine offiziell anerkannte Still- und Laktationsberaterin ist eine Gesundheitsexpertin, die sich auf das klinische Management des Stillens spezialisiert hat. Die IBCLCs werden vom <a href=\"https:\/\/iblce.org\/about-iblce\/\" target=\"_blank\" rel=\"noopener noreferrer\">International Board of Lactation Consultant Examiners, Inc<\/a>. unter der Aufsicht der US National Commission for Certifying Agencies zertifiziert.<\/p>\n<p>Um die IBCLC Zertifikation zu erhalten, muss eine Ausbildung in den Bereichen Gesundheitswesen, menschliche Laktation und Stillen absolviert werden. Diese Kurse umfassen Anatomie und Physiologie, Psychologie, Soziologie, Ern\u00e4hrung, S\u00e4uglings- und Kinderentwicklung sowie eine Einf\u00fchrung in die Forschung, um nur ein paar aufzuz\u00e4hlen. Zus\u00e4tzlich zu den Ausbildungsanforderungen wird erwartet, mindestens 1000 praktische Stunden anzusammeln &#8211; hier werden sie direkt von erfahrenen IBCLC&#8217;s angeleitet.<\/p>\n\n\t\t<\/div>\n\t<\/div>\n<\/div><\/div><\/div><\/div><div class=\"vc_row-full-width vc_clearfix\"><\/div><!-- Row Backgrounds --><div class=\"upb_color\" data-bg-override=\"0\" data-bg-color=\"\" data-fadeout=\"\" data-fadeout-percentage=\"30\" data-parallax-content=\"\" data-parallax-content-sense=\"30\" data-row-effect-mobile-disable=\"true\" data-img-parallax-mobile-disable=\"true\" data-rtl=\"false\"  data-custom-vc-row=\"\"  data-vc=\"8.7.2\"  data-is_old_vc=\"\"  data-theme-support=\"\"   data-overlay=\"false\" data-overlay-color=\"\" data-overlay-pattern=\"\" data-overlay-pattern-opacity=\"\" data-overlay-pattern-size=\"\"    ><\/div><div data-vc-full-width=\"true\" data-vc-full-width-temp=\"true\" data-vc-full-width-init=\"false\" class=\"vc_row wpb_row vc_row-fluid light-pink-row\"><div class=\"wpb_column vc_column_container vc_col-sm-12\"><div class=\"vc_column-inner\"><div class=\"wpb_wrapper\">\n\t<div class=\"wpb_text_column wpb_content_element\" >\n\t\t<div class=\"wpb_wrapper\">\n\t\t\t<p><strong>Stillberatungen<\/strong><\/p>\n<p><strong>Virtuelle Konsultation:<\/strong><\/p>\n<p><strong>60 Minuten: $175 fuer Dich und\u00a0 Dein Baby\/ $225 bei Zwillingen.<\/strong><\/p>\n<p><strong>30 Minuten: $95 <\/strong><strong>fuer Dich und\u00a0 Dein Baby\/ $145 bei Zwillingen.<\/strong><\/p>\n<p><strong>Hausbesuch:\u00a0<\/strong><\/p>\n<p><strong>90 Minuten: $495 Dich und\u00a0 Dein Baby\/ $225 bei Zwillingen. Inkl. eine Woche email follow-up. <\/strong><\/p>\n<p><strong><a href=\"https:\/\/thenewyorkbaby.as.me\/schedule\/05fa4f51\">Hier<\/a> kannst Du direkt buchen.<\/strong><\/p>\n<p><strong>CIGNA insurance: alle Informationen\/Raten findest Du unter dem <a href=\"https:\/\/thenewyorkbaby.as.me\/schedule\/05fa4f51\">booking link<\/a>.\u00a0<\/strong><\/p>\n\n\t\t<\/div>\n\t<\/div>\n<div class=\"vc_btn3-container vc_btn3-inline vc_do_btn\" ><a style=\"background-color:#bfc0f2; color:#666666;\" class=\"vc_general vc_btn3 vc_btn3-size-md vc_btn3-shape-square vc_btn3-style-custom\" href=\"https:\/\/thenewyorkbaby.as.me\/schedule.php\" title=\"\">Hier gehts zur Anfrage<\/a><\/div><\/div><\/div><\/div><\/div><div class=\"vc_row-full-width vc_clearfix\"><\/div><!-- Row Backgrounds --><div class=\"upb_color\" data-bg-override=\"0\" data-bg-color=\"\" data-fadeout=\"\" data-fadeout-percentage=\"30\" data-parallax-content=\"\" data-parallax-content-sense=\"30\" data-row-effect-mobile-disable=\"true\" data-img-parallax-mobile-disable=\"true\" data-rtl=\"false\"  data-custom-vc-row=\"\"  data-vc=\"8.7.2\"  data-is_old_vc=\"\"  data-theme-support=\"\"   data-overlay=\"false\" data-overlay-color=\"\" data-overlay-pattern=\"\" data-overlay-pattern-opacity=\"\" data-overlay-pattern-size=\"\"    ><\/div><div class=\"vc_row wpb_row vc_row-fluid\"><div class=\"wpb_column vc_column_container vc_col-sm-12\"><div class=\"vc_column-inner\"><div class=\"wpb_wrapper\"><div class=\"column_filters\"><div class=\"blog_wrapper isotope_wrapper clearfix\"><div class=\"posts_group lm_wrapper element_classes col-2 grid hide-more\"><article class=\"post post-item isotope-item clearfix category-34 category-25 post-4215 type-post status-publish format-standard has-post-thumbnail hentry category-all-posts-de category-unkategorisiert\" style=\"\"><div class=\"date_label\">28. M\u00e4rz 2019<\/div><div class=\"image_frame post-photo-wrapper scale-with-grid image\"><div class=\"image_wrapper\"><a href=\"https:\/\/www.thenewyorkdoula.com\/de\/blog\/do-you-have-too-much-breastmilk-donate-it-to-the-ny-milk-bank\/\"><div class=\"mask\"><\/div><img loading=\"lazy\" decoding=\"async\" width=\"686\" height=\"720\" src=\"https:\/\/www.thenewyorkdoula.com\/wp-content\/uploads\/2019\/03\/milk-bank-686x720.png\" class=\"scale-with-grid wp-post-image\" alt=\"Donate Milk Poster\" \/><\/a><div class=\"image_links double\"><a class=\"zoom \"  rel=\"prettyphoto\" href=\"https:\/\/www.thenewyorkdoula.com\/wp-content\/uploads\/2019\/03\/milk-bank.png\"><svg viewBox=\"0 0 26 26\"><defs><style>.path{fill:none;stroke:#333;stroke-miterlimit:10;stroke-width:1.5px;}<\/style><\/defs><circle cx=\"11.35\" cy=\"11.35\" r=\"6\" class=\"path\"><\/circle><line x1=\"15.59\" y1=\"15.59\" x2=\"20.65\" y2=\"20.65\" class=\"path\"><\/line><\/svg><\/a><a class=\"link \"  href=\"https:\/\/www.thenewyorkdoula.com\/de\/blog\/do-you-have-too-much-breastmilk-donate-it-to-the-ny-milk-bank\/\"><svg viewBox=\"0 0 26 26\"><defs><style>.path{fill:none;stroke:#333;stroke-miterlimit:10;stroke-width:1.5px;}<\/style><\/defs><g><path d=\"M10.17,8.76l2.12-2.12a5,5,0,0,1,7.07,0h0a5,5,0,0,1,0,7.07l-2.12,2.12\" class=\"path\"><\/path><path d=\"M15.83,17.24l-2.12,2.12a5,5,0,0,1-7.07,0h0a5,5,0,0,1,0-7.07l2.12-2.12\" class=\"path\"><\/path><line x1=\"10.17\" y1=\"15.83\" x2=\"15.83\" y2=\"10.17\" class=\"path\"><\/line><\/g><\/svg><\/a><\/div><\/div><\/div><div class=\"post-desc-wrapper bg- has-custom-bg\" style=\"\"><div class=\"post-desc\"><div class=\"post-head\"><\/div><div class=\"post-title\"><h2 class=\"entry-title \" itemprop=\"headline\"><a href=\"https:\/\/www.thenewyorkdoula.com\/de\/blog\/do-you-have-too-much-breastmilk-donate-it-to-the-ny-milk-bank\/\">Do You Have Too Much Breastmilk? Donate it To The NY Milk Bank!<\/a><\/h2><\/div><div class=\"post-excerpt\">While some of you are trying to increase milk supply, others have a true problem: too much breastmilk! While it might not sound like a problem<span class=\"excerpt-hellip\"> [\u2026]<\/span><\/div><\/div><\/div><\/article><article class=\"post post-item isotope-item clearfix category-39 post-4210 type-post status-publish format-standard has-post-thumbnail hentry category-lactation-faq\" style=\"\"><div class=\"date_label\">28. M\u00e4rz 2019<\/div><div class=\"image_frame post-photo-wrapper scale-with-grid image\"><div class=\"image_wrapper\"><a href=\"https:\/\/www.thenewyorkdoula.com\/de\/blog\/who-hires-a-lactation-consultant\/\"><div class=\"mask\"><\/div><img loading=\"lazy\" decoding=\"async\" width=\"768\" height=\"720\" src=\"https:\/\/www.thenewyorkdoula.com\/wp-content\/uploads\/2019\/03\/doula-meme-768x720.jpg\" class=\"scale-with-grid wp-post-image\" alt=\"Stephanie - Birth Doula Meme\" \/><\/a><div class=\"image_links double\"><a class=\"zoom \"  rel=\"prettyphoto\" href=\"https:\/\/www.thenewyorkdoula.com\/wp-content\/uploads\/2019\/03\/doula-meme-768x1024.jpg\"><svg viewBox=\"0 0 26 26\"><defs><style>.path{fill:none;stroke:#333;stroke-miterlimit:10;stroke-width:1.5px;}<\/style><\/defs><circle cx=\"11.35\" cy=\"11.35\" r=\"6\" class=\"path\"><\/circle><line x1=\"15.59\" y1=\"15.59\" x2=\"20.65\" y2=\"20.65\" class=\"path\"><\/line><\/svg><\/a><a class=\"link \"  href=\"https:\/\/www.thenewyorkdoula.com\/de\/blog\/who-hires-a-lactation-consultant\/\"><svg viewBox=\"0 0 26 26\"><defs><style>.path{fill:none;stroke:#333;stroke-miterlimit:10;stroke-width:1.5px;}<\/style><\/defs><g><path d=\"M10.17,8.76l2.12-2.12a5,5,0,0,1,7.07,0h0a5,5,0,0,1,0,7.07l-2.12,2.12\" class=\"path\"><\/path><path d=\"M15.83,17.24l-2.12,2.12a5,5,0,0,1-7.07,0h0a5,5,0,0,1,0-7.07l2.12-2.12\" class=\"path\"><\/path><line x1=\"10.17\" y1=\"15.83\" x2=\"15.83\" y2=\"10.17\" class=\"path\"><\/line><\/g><\/svg><\/a><\/div><\/div><\/div><div class=\"post-desc-wrapper bg- has-custom-bg\" style=\"\"><div class=\"post-desc\"><div class=\"post-head\"><\/div><div class=\"post-title\"><h2 class=\"entry-title \" itemprop=\"headline\"><a href=\"https:\/\/www.thenewyorkdoula.com\/de\/blog\/who-hires-a-lactation-consultant\/\">Who Hires A Lactation Consultant?<\/a><\/h2><\/div><div class=\"post-excerpt\">Recently I was accompanied by a journalist who wanted to write a story about me on German TV. Watch the 7-minute story here- it&#8217;s in German<span class=\"excerpt-hellip\"> [\u2026]<\/span><\/div><\/div><\/div><\/article><\/div><\/div>\n<\/div>\n<\/div><\/div><\/div><\/div>\n<\/div>","protected":false},"excerpt":{"rendered":"Recently I was accompanied by a journalist who wanted to write a story about me on German TV. Watch the 7-minute story here- it's in German<span class=\"excerpt-hellip\"> [\u2026]<\/span>","protected":false},"author":1,"featured_media":0,"parent":2833,"menu_order":0,"comment_status":"closed","ping_status":"closed","template":"","meta":{"_acf_changed":false,"footnotes":""},"class_list":["post-2783","page","type-page","status-publish","hentry"],"acf":[],"aioseo_notices":[],"_links":{"self":[{"href":"https:\/\/www.thenewyorkdoula.com\/de\/wp-json\/wp\/v2\/pages\/2783","targetHints":{"allow":["GET"]}}],"collection":[{"href":"https:\/\/www.thenewyorkdoula.com\/de\/wp-json\/wp\/v2\/pages"}],"about":[{"href":"https:\/\/www.thenewyorkdoula.com\/de\/wp-json\/wp\/v2\/types\/page"}],"author":[{"embeddable":true,"href":"https:\/\/www.thenewyorkdoula.com\/de\/wp-json\/wp\/v2\/users\/1"}],"replies":[{"embeddable":true,"href":"https:\/\/www.thenewyorkdoula.com\/de\/wp-json\/wp\/v2\/comments?post=2783"}],"version-history":[{"count":5,"href":"https:\/\/www.thenewyorkdoula.com\/de\/wp-json\/wp\/v2\/pages\/2783\/revisions"}],"predecessor-version":[{"id":7037,"href":"https:\/\/www.thenewyorkdoula.com\/de\/wp-json\/wp\/v2\/pages\/2783\/revisions\/7037"}],"up":[{"embeddable":true,"href":"https:\/\/www.thenewyorkdoula.com\/de\/wp-json\/wp\/v2\/pages\/2833"}],"wp:attachment":[{"href":"https:\/\/www.thenewyorkdoula.com\/de\/wp-json\/wp\/v2\/media?parent=2783"}],"curies":[{"name":"wp","href":"https:\/\/api.w.org\/{rel}","templated":true}]}}