{"id":2787,"date":"2018-01-11T15:27:51","date_gmt":"2018-01-11T15:27:51","guid":{"rendered":"https:\/\/www.thenewyorkdoula.com\/baby-nurses-and-nannies\/"},"modified":"2026-02-25T19:10:25","modified_gmt":"2026-02-25T19:10:25","slug":"baby-nurses-und-nannies","status":"publish","type":"page","link":"https:\/\/www.thenewyorkdoula.com\/de\/leistungen\/baby-nurses-und-nannies\/","title":{"rendered":"Baby Nurses und Nannies"},"content":{"rendered":"<div class=\"wpb-content-wrapper\"><div data-vc-full-width=\"true\" data-vc-full-width-temp=\"true\" data-vc-full-width-init=\"false\" class=\"vc_row wpb_row vc_row-fluid pink-row vc_custom_1520615884008\"><div class=\"wpb_column vc_column_container vc_col-sm-12\"><div class=\"vc_column-inner\"><div class=\"wpb_wrapper\"><h2 style=\"text-align: left\" class=\"vc_custom_heading vc_do_custom_heading vc_custom_1534957195732\" >Baby Nurses und Nannies<\/h2><div class=\"vc_row wpb_row vc_inner vc_row-fluid vc_custom_1515685575012 vc_column-gap-5 vc_row-o-content-top vc_row-flex\"><div class=\"wpb_column vc_column_container vc_col-sm-3\"><div class=\"vc_column-inner\"><div class=\"wpb_wrapper\">\n\t<div  class=\"wpb_single_image wpb_content_element vc_align_left wpb_content_element vc_custom_1520632851780\">\n\t\t\n\t\t<figure class=\"wpb_wrapper vc_figure\">\n\t\t\t<div class=\"vc_single_image-wrapper   vc_box_border_grey\"><img decoding=\"async\" class=\"vc_single_image-img \" src=\"https:\/\/www.thenewyorkdoula.com\/wp-content\/uploads\/2018\/01\/NYdoula-baby-eating-350x350.jpg\" width=\"350\" height=\"350\" alt=\"NYdoula-baby-eating\" title=\"NYdoula-baby-eating\" loading=\"lazy\" \/><\/div>\n\t\t<\/figure>\n\t<\/div>\n\n\t<div class=\"wpb_text_column wpb_content_element\" >\n\t\t<div class=\"wpb_wrapper\">\n\t\t\t<p><em>Baby beim Essen<\/em><\/p>\n\n\t\t<\/div>\n\t<\/div>\n<\/div><\/div><\/div><div class=\"wpb_column vc_column_container vc_col-sm-3\"><div class=\"vc_column-inner\"><div class=\"wpb_wrapper\">\n\t<div  class=\"wpb_single_image wpb_content_element vc_align_left wpb_content_element vc_custom_1520632866131\">\n\t\t\n\t\t<figure class=\"wpb_wrapper vc_figure\">\n\t\t\t<div class=\"vc_single_image-wrapper   vc_box_border_grey\"><img decoding=\"async\" class=\"vc_single_image-img \" src=\"https:\/\/www.thenewyorkdoula.com\/wp-content\/uploads\/2018\/01\/TNYdoula-baby-smiling-1-350x350.jpg\" width=\"350\" height=\"350\" alt=\"TNYdoula-baby-smiling\" title=\"TNYdoula-baby-smiling\" loading=\"lazy\" \/><\/div>\n\t\t<\/figure>\n\t<\/div>\n\n\t<div class=\"wpb_text_column wpb_content_element\" >\n\t\t<div class=\"wpb_wrapper\">\n\t\t\t<p><em>Annie beim Spielen mit Sam<\/em><\/p>\n\n\t\t<\/div>\n\t<\/div>\n<\/div><\/div><\/div><div class=\"wpb_column vc_column_container vc_col-sm-3\"><div class=\"vc_column-inner\"><div class=\"wpb_wrapper\">\n\t<div  class=\"wpb_single_image wpb_content_element vc_align_left wpb_content_element vc_custom_1520632872369\">\n\t\t\n\t\t<figure class=\"wpb_wrapper vc_figure\">\n\t\t\t<div class=\"vc_single_image-wrapper   vc_box_border_grey\"><img decoding=\"async\" class=\"vc_single_image-img \" src=\"https:\/\/www.thenewyorkdoula.com\/wp-content\/uploads\/2018\/01\/sandra_ny-350x350.jpg\" width=\"350\" height=\"350\" alt=\"sandra_ny\" title=\"sandra_ny\" loading=\"lazy\" \/><\/div>\n\t\t<\/figure>\n\t<\/div>\n\n\t<div class=\"wpb_text_column wpb_content_element\" >\n\t\t<div class=\"wpb_wrapper\">\n\t\t\t<p><em>Babyspezialistin Sandra. Sie ist wunderbar und sehr erfahren<\/em><\/p>\n\n\t\t<\/div>\n\t<\/div>\n<\/div><\/div><\/div><div class=\"wpb_column vc_column_container vc_col-sm-3\"><div class=\"vc_column-inner\"><div class=\"wpb_wrapper\">\n\t<div  class=\"wpb_single_image wpb_content_element vc_align_left wpb_content_element vc_custom_1520632907838\">\n\t\t\n\t\t<figure class=\"wpb_wrapper vc_figure\">\n\t\t\t<div class=\"vc_single_image-wrapper   vc_box_border_grey\"><img decoding=\"async\" class=\"vc_single_image-img \" src=\"https:\/\/www.thenewyorkdoula.com\/wp-content\/uploads\/2018\/01\/PART_1513182235128_IMG_20170728_214523-350x350.jpg\" width=\"350\" height=\"350\" alt=\"Baby Nurses und Nannies\" title=\"Baby Nurses und Nannies\" loading=\"lazy\" \/><\/div>\n\t\t<\/figure>\n\t<\/div>\n\n\t<div class=\"wpb_text_column wpb_content_element\" >\n\t\t<div class=\"wpb_wrapper\">\n\t\t\t<p><em>Babyspezialistin Debbie<\/em><\/p>\n\n\t\t<\/div>\n\t<\/div>\n<\/div><\/div><\/div><\/div><\/div><\/div><\/div><\/div><div class=\"vc_row-full-width vc_clearfix\"><\/div><!-- Row Backgrounds --><div class=\"upb_color\" data-bg-override=\"0\" data-bg-color=\"\" data-fadeout=\"\" data-fadeout-percentage=\"30\" data-parallax-content=\"\" data-parallax-content-sense=\"30\" data-row-effect-mobile-disable=\"true\" data-img-parallax-mobile-disable=\"true\" data-rtl=\"false\"  data-custom-vc-row=\"\"  data-vc=\"8.7.2\"  data-is_old_vc=\"\"  data-theme-support=\"\"   data-overlay=\"false\" data-overlay-color=\"\" data-overlay-pattern=\"\" data-overlay-pattern-opacity=\"\" data-overlay-pattern-size=\"\"    ><\/div><div data-vc-full-width=\"true\" data-vc-full-width-temp=\"true\" data-vc-full-width-init=\"false\" class=\"vc_row wpb_row vc_row-fluid light-pink-row\"><div class=\"wpb_column vc_column_container vc_col-sm-12\"><div class=\"vc_column-inner\"><div class=\"wpb_wrapper\">\n\t<div class=\"wpb_text_column wpb_content_element\" >\n\t\t<div class=\"wpb_wrapper\">\n\t\t\t<h3 class=\"mceTemp\">Ihre Baby nurse Services<\/h3>\n<p>Ein Spezialist f\u00fcr Neugeborenenpflege aka baby nurse (manche verwenden den Begriff &#8222;S\u00e4uglingsschwester&#8220;, auch wenn Sie keine Krankenschwester ist), ist eine Neugeborenenexpertin, die Sie bei der Pflege Ihres Babys in den ersten Wochen oder Monaten nach der Geburt unterst\u00fctzt. Die Baby nurse entlastet Sie, so dass Sie in der Nacht besser schlafen und w\u00e4hrend des Tages ein Nickerchen halten k\u00f6nnen. Sie stellt sicher, dass das Stillen funktioniert und hilft Ihnen dabei, sich gut um Ihr Baby zu k\u00fcmmern.<\/p>\n\n\t\t<\/div>\n\t<\/div>\n<\/div><\/div><\/div><\/div><div class=\"vc_row-full-width vc_clearfix\"><\/div><!-- Row Backgrounds --><div class=\"upb_color\" data-bg-override=\"0\" data-bg-color=\"\" data-fadeout=\"\" data-fadeout-percentage=\"30\" data-parallax-content=\"\" data-parallax-content-sense=\"30\" data-row-effect-mobile-disable=\"true\" data-img-parallax-mobile-disable=\"true\" data-rtl=\"false\"  data-custom-vc-row=\"\"  data-vc=\"8.7.2\"  data-is_old_vc=\"\"  data-theme-support=\"\"   data-overlay=\"false\" data-overlay-color=\"\" data-overlay-pattern=\"\" data-overlay-pattern-opacity=\"\" data-overlay-pattern-size=\"\"    ><\/div><div data-vc-full-width=\"true\" data-vc-full-width-temp=\"true\" data-vc-full-width-init=\"false\" class=\"vc_row wpb_row vc_row-fluid\"><div class=\"wpb_column vc_column_container vc_col-sm-8\"><div class=\"vc_column-inner\"><div class=\"wpb_wrapper\">\n\t<div class=\"wpb_text_column wpb_content_element\" >\n\t\t<div class=\"wpb_wrapper\">\n\t\t\t<h3>Was ist der Unterschied zwischen einer Baby nurse und einer postpartum Doula nach der Geburt?<\/h3>\n<p>Viele Eltern denken vielleicht, dass es eher Luxus als Notwendigkeit w\u00e4re, jemanden nach der Geburt als Unterst\u00fctzung zu buchen. Aber weit gefehlt! Vor allem diejenigen, die zum ersten Mal Eltern werden, die bereits mehrere Kinder haben, deren Familien nicht in der N\u00e4he wohnen und auch diejenigen Eltern, die beide berufst\u00e4tig sind, brauchen jede Menge Hilfe nach der Geburt. Wir sind f\u00fcr Sie da!<\/p>\n<p>Die Erholungsphase nach der Geburt birgt zahlreiche Herausforderungen und Unsicherheiten, darunter Unwissenheit hinsichtlich Babypflege, Stillen, Heilungsprozess und Tagesablauf. Eine \u00fcberraschend hohe Anzahl an Eltern leidet an Schlafmangel und tut sich schwer, ihrem regul\u00e4ren Joballtag nachzukommen &#8211; das Baby ben\u00f6tigt schlie\u00dflich permanente Betreuung und Versorgung durch die Nacht hindurch.<\/p>\n<p><strong><em>Hier kommt Ihre Baby nurse ins Spiel! Sie k\u00fcmmert sich um Ihr Baby; die postpartum Doula nach der Geburt k\u00fcmmert sich um Sie, damit Sie sich wiederum um Ihr Baby sorgen k\u00f6nnen.<\/em><\/strong><\/p>\n\n\t\t<\/div>\n\t<\/div>\n<\/div><\/div><\/div><div class=\"wpb_column vc_column_container vc_col-sm-4\"><div class=\"vc_column-inner\"><div class=\"wpb_wrapper\">\n\t<div  class=\"wpb_single_image wpb_content_element vc_align_left wpb_content_element vc_custom_1520632894804\">\n\t\t\n\t\t<figure class=\"wpb_wrapper vc_figure\">\n\t\t\t<div class=\"vc_single_image-wrapper   vc_box_border_grey\"><img decoding=\"async\" class=\"vc_single_image-img \" src=\"https:\/\/www.thenewyorkdoula.com\/wp-content\/uploads\/2018\/01\/NYdoula-baby-in-moms-arms-350x338.jpg\" width=\"350\" height=\"338\" alt=\"NYdoula-baby-in-moms-arms\" title=\"NYdoula-baby-in-moms-arms\" loading=\"lazy\" \/><\/div>\n\t\t<\/figure>\n\t<\/div>\n\n\t<div class=\"wpb_text_column wpb_content_element\" >\n\t\t<div class=\"wpb_wrapper\">\n\t\t\t<p><em>Wertvolle Fracht<\/em><\/p>\n\n\t\t<\/div>\n\t<\/div>\n<\/div><\/div><\/div><\/div><div class=\"vc_row-full-width vc_clearfix\"><\/div><!-- Row Backgrounds --><div class=\"upb_color\" data-bg-override=\"0\" data-bg-color=\"#ffffff\" data-fadeout=\"\" data-fadeout-percentage=\"30\" data-parallax-content=\"\" data-parallax-content-sense=\"30\" data-row-effect-mobile-disable=\"true\" data-img-parallax-mobile-disable=\"true\" data-rtl=\"false\"  data-custom-vc-row=\"\"  data-vc=\"8.7.2\"  data-is_old_vc=\"\"  data-theme-support=\"\"   data-overlay=\"false\" data-overlay-color=\"\" data-overlay-pattern=\"\" data-overlay-pattern-opacity=\"\" data-overlay-pattern-size=\"\"    ><\/div><div data-vc-full-width=\"true\" data-vc-full-width-temp=\"true\" data-vc-full-width-init=\"false\" class=\"vc_row wpb_row vc_row-fluid light-pink-row\"><div class=\"wpb_column vc_column_container vc_col-sm-4\"><div class=\"vc_column-inner\"><div class=\"wpb_wrapper\">\n\t<div  class=\"wpb_single_image wpb_content_element vc_align_left wpb_content_element vc_custom_1520632965898\">\n\t\t\n\t\t<figure class=\"wpb_wrapper vc_figure\">\n\t\t\t<div class=\"vc_single_image-wrapper   vc_box_border_grey\"><img decoding=\"async\" class=\"vc_single_image-img \" src=\"https:\/\/www.thenewyorkdoula.com\/wp-content\/uploads\/2018\/01\/nadine-350x350.jpg\" width=\"350\" height=\"350\" alt=\"Nadine - Baby Specialist &amp; Postpartum Doula\" title=\"Nadine - Baby Specialist &amp; Postpartum Doula\" loading=\"lazy\" \/><\/div>\n\t\t<\/figure>\n\t<\/div>\n\n\t<div class=\"wpb_text_column wpb_content_element\" >\n\t\t<div class=\"wpb_wrapper\">\n\t\t\t<p style=\"text-align: left;\"><em>Nadine ist unsere wunderbare Baby nurse und postpartum Doula sowie zertifizierte Still- und Laktationsberaterin (CLC). <\/em><\/p>\n\n\t\t<\/div>\n\t<\/div>\n<\/div><\/div><\/div><div class=\"wpb_column vc_column_container vc_col-sm-8\"><div class=\"vc_column-inner\"><div class=\"wpb_wrapper\">\n\t<div class=\"wpb_text_column wpb_content_element\" >\n\t\t<div class=\"wpb_wrapper\">\n\t\t\t<h3>Unsere &#8222;NY Baby&#8220; Baby nurses<\/h3>\n<p>Stephanie Heintzeler verf\u00fcgt \u00fcber genau die richtigen Qualit\u00e4ten, Spezialisten f\u00fcr Neugeborenenpflege auszuw\u00e4hlen. Sie arbeitet seit \u00fcber 20 Jahren mit werdenden und neuen Eltern zusammen. Ehemals als Hebamme in Deutschland t\u00e4tig, hat sie sich als Doula in New York etabliert und erh\u00e4lt kontinuierlich Fragen zum Thema Geburtshilfe, Kurse, Babyspezialisten oder Doulas nach der Geburt. Es war also der n\u00e4chste und logische Schritt, ihr NY Baby Team um S\u00e4uglingsschwerstern zu erg\u00e4nzen. Alle Baby nurses werden von Stephanie pers\u00f6nlich ausgesucht und bez\u00fcglich ihres Wissens und K\u00f6nnens \u00fcberpr\u00fcft, um sicherzustellen, dass sie \u00fcber die folgenden Qualifikationen verf\u00fcgen:<\/p>\n<ul>\n<li>Ausbildung zur professionellen und qualifizierten Spezialistin f\u00fcr Neugeborenenpflege (baby nurse)<\/li>\n<li>Sauberes F\u00fchrungszeugnis<\/li>\n<li>Erfahrung mit Stillen<\/li>\n<li>CPR Zertifikat<\/li>\n<\/ul>\n\n\t\t<\/div>\n\t<\/div>\n<\/div><\/div><\/div><\/div><div class=\"vc_row-full-width vc_clearfix\"><\/div><!-- Row Backgrounds --><div class=\"upb_color\" data-bg-override=\"0\" data-bg-color=\"\" data-fadeout=\"\" data-fadeout-percentage=\"30\" data-parallax-content=\"\" data-parallax-content-sense=\"30\" data-row-effect-mobile-disable=\"true\" data-img-parallax-mobile-disable=\"true\" data-rtl=\"false\"  data-custom-vc-row=\"\"  data-vc=\"8.7.2\"  data-is_old_vc=\"\"  data-theme-support=\"\"   data-overlay=\"false\" data-overlay-color=\"\" data-overlay-pattern=\"\" data-overlay-pattern-opacity=\"\" data-overlay-pattern-size=\"\"    ><\/div><div data-vc-full-width=\"true\" data-vc-full-width-temp=\"true\" data-vc-full-width-init=\"false\" class=\"vc_row wpb_row vc_row-fluid vc_custom_1515685645937\"><div class=\"wpb_column vc_column_container vc_col-sm-12\"><div class=\"vc_column-inner\"><div class=\"wpb_wrapper\">\n\t<div class=\"wpb_text_column wpb_content_element\" >\n\t\t<div class=\"wpb_wrapper\">\n\t\t\t<h3>Leistungen<\/h3>\n<p>Ihre Baby nurse wird Ihnen in all diesen Bereichen ihres &#8222;Neugeborenen-Lebens&#8220; helfen:<\/p>\n<table>\n<tbody>\n<tr>\n<td>\n<ul>\n<li style=\"text-align: left;\">Unterst\u00fctzung beim Stillen<\/li>\n<li style=\"text-align: left;\">Pflege vor und nach der Geburt<\/li>\n<li style=\"text-align: left;\">N\u00e4chtliche Babyf\u00fctterung<\/li>\n<li style=\"text-align: left;\">F\u00f6rderung gesunder Ern\u00e4hrungsgewohnheiten und Einrichtung eines gesunden Schlafumfelds<\/li>\n<li style=\"text-align: left;\">Betreuung von einem Baby, Zwillingen, Drillingen etc.<\/li>\n<li style=\"text-align: left;\">Baden des Babys<\/li>\n<\/ul>\n<\/td>\n<td>\n<ul>\n<li style=\"text-align: left;\">Anziehen des Babys<\/li>\n<li style=\"text-align: left;\">Sterilisieren von Flaschen, Schnullern und anderen Babyartikeln<\/li>\n<li style=\"text-align: left;\">Instandhalten eines sauberen, keimfreien Umfelds<\/li>\n<li style=\"text-align: left;\">Pflege der Nabelschnur und Pflege bei Beschneidung<\/li>\n<li style=\"text-align: left;\">Babyw\u00e4sche<\/li>\n<li style=\"text-align: left;\">Unterrichten und Unterst\u00fctzen der Eltern bez\u00fcglich der Babypflege<\/li>\n<\/ul>\n<\/td>\n<\/tr>\n<\/tbody>\n<\/table>\n<p>Nicht jede Baby nurse ist automatisch die richtige Wahl f\u00fcr Sie &#8211; das kann beispielsweise daran liegen, dass Ihre Erwartungen von den angebotenen Leistungen des Spezialisten abweichen. Deshalb ist es umso wichtiger, dass Sie von Anfang an, bevor Sie Ihre Baby nurse buchen, Ihre W\u00fcnsche und Bed\u00fcrfnisse klar kommunizieren und somit sicherstellen, dass die Baby nurse Ihre Erwartungen erf\u00fcllt.<\/p>\n\n\t\t<\/div>\n\t<\/div>\n<\/div><\/div><\/div><\/div><div class=\"vc_row-full-width vc_clearfix\"><\/div><!-- Row Backgrounds --><div class=\"upb_color\" data-bg-override=\"0\" data-bg-color=\"#ffffff\" data-fadeout=\"\" data-fadeout-percentage=\"30\" data-parallax-content=\"\" data-parallax-content-sense=\"30\" data-row-effect-mobile-disable=\"true\" data-img-parallax-mobile-disable=\"true\" data-rtl=\"false\"  data-custom-vc-row=\"\"  data-vc=\"8.7.2\"  data-is_old_vc=\"\"  data-theme-support=\"\"   data-overlay=\"false\" data-overlay-color=\"\" data-overlay-pattern=\"\" data-overlay-pattern-opacity=\"\" data-overlay-pattern-size=\"\"    ><\/div><div data-vc-full-width=\"true\" data-vc-full-width-temp=\"true\" data-vc-full-width-init=\"false\" class=\"vc_row wpb_row vc_row-fluid vc_column-gap-20 vc_row-o-equal-height vc_row-flex\"><div class=\"wpb_column vc_column_container vc_col-sm-4 vc_col-has-fill\"><div class=\"vc_column-inner vc_custom_1515688801565\"><div class=\"wpb_wrapper\">\n\t<div class=\"wpb_text_column wpb_content_element\" >\n\t\t<div class=\"wpb_wrapper\">\n\t\t\t<h3>Arbeitszeiten<\/h3>\n<p style=\"text-align: left;\">M\u00f6glichkeiten, mit einer Baby nurse zusammenzuarbeiten:<\/p>\n<ul>\n<li>24 Stunden an 7 Tagen f\u00fcr mehrere Wochen oder Monate<\/li>\n<li>12 Stunden \u00fcber Nacht<\/li>\n<li>12 Stunden tags\u00fcber<\/li>\n<\/ul>\n<p style=\"text-align: left;\">Bei Interesse mailen Sie uns bitte an\u00a0<a href=\"mailto:info@thenewyorkbaby.com \">info@thenewyorkbaby.com<\/a>\u00a0oder rufen Sie uns unter 347-257-5157 an. Ich freue mich auf Sie!<\/p>\n\n\t\t<\/div>\n\t<\/div>\n<\/div><\/div><\/div><div class=\"wpb_column vc_column_container vc_col-sm-4 vc_col-has-fill\"><div class=\"vc_column-inner vc_custom_1515688814562\"><div class=\"wpb_wrapper\">\n\t<div class=\"wpb_text_column wpb_content_element\" >\n\t\t<div class=\"wpb_wrapper\">\n\t\t\t<h3>Preise<\/h3>\n<p style=\"text-align: left;\">Abh\u00e4ngig von ihren Erfahrungen und Qualifikationen betragen die Raten f\u00fcr Baby nurses zwischen US$220 &#8211; US$ 600 f\u00fcr 24 Stunden.<\/p>\n\n\t\t<\/div>\n\t<\/div>\n<\/div><\/div><\/div><div class=\"wpb_column vc_column_container vc_col-sm-4 vc_col-has-fill\"><div class=\"vc_column-inner vc_custom_1515688824251\"><div class=\"wpb_wrapper\">\n\t<div class=\"wpb_text_column wpb_content_element\" >\n\t\t<div class=\"wpb_wrapper\">\n\t\t\t<h3>Buchen<\/h3>\n<p>Wir empfehlen Ihnen, Ihre Baby nurse 2-3 Monate im Voraus anzufragen (oder so schnell wie m\u00f6glich), da die erfahrenen Babyschwestern bereits sehr gut vorab gebucht werden.<\/p>\n\n\t\t<\/div>\n\t<\/div>\n<\/div><\/div><\/div><\/div><div class=\"vc_row-full-width vc_clearfix\"><\/div><!-- Row Backgrounds --><div class=\"upb_color\" data-bg-override=\"0\" data-bg-color=\"#ffffff\" data-fadeout=\"\" data-fadeout-percentage=\"30\" data-parallax-content=\"\" data-parallax-content-sense=\"30\" data-row-effect-mobile-disable=\"true\" data-img-parallax-mobile-disable=\"true\" data-rtl=\"false\"  data-custom-vc-row=\"\"  data-vc=\"8.7.2\"  data-is_old_vc=\"\"  data-theme-support=\"\"   data-overlay=\"false\" data-overlay-color=\"\" data-overlay-pattern=\"\" data-overlay-pattern-opacity=\"\" data-overlay-pattern-size=\"\"    ><\/div><div class=\"vc_row wpb_row vc_row-fluid\"><div class=\"wpb_column vc_column_container vc_col-sm-12\"><div class=\"vc_column-inner\"><div class=\"wpb_wrapper\"><\/div><\/div><\/div><\/div>\n<\/div>","protected":false},"excerpt":{"rendered":"Baby Nurses und Nannies Baby beim Essen Annie beim Spielen mit Sam Babyspezialistin Sandra. Sie ist wunderbar und sehr erfahren Babyspezialistin Debbie Ihre Baby nurse Services<span class=\"excerpt-hellip\"> [\u2026]<\/span>","protected":false},"author":1,"featured_media":-1,"parent":2833,"menu_order":0,"comment_status":"closed","ping_status":"closed","template":"","meta":{"_acf_changed":false,"footnotes":""},"class_list":["post-2787","page","type-page","status-publish","has-post-thumbnail","hentry"],"acf":[],"aioseo_notices":[],"_links":{"self":[{"href":"https:\/\/www.thenewyorkdoula.com\/de\/wp-json\/wp\/v2\/pages\/2787","targetHints":{"allow":["GET"]}}],"collection":[{"href":"https:\/\/www.thenewyorkdoula.com\/de\/wp-json\/wp\/v2\/pages"}],"about":[{"href":"https:\/\/www.thenewyorkdoula.com\/de\/wp-json\/wp\/v2\/types\/page"}],"author":[{"embeddable":true,"href":"https:\/\/www.thenewyorkdoula.com\/de\/wp-json\/wp\/v2\/users\/1"}],"replies":[{"embeddable":true,"href":"https:\/\/www.thenewyorkdoula.com\/de\/wp-json\/wp\/v2\/comments?post=2787"}],"version-history":[{"count":1,"href":"https:\/\/www.thenewyorkdoula.com\/de\/wp-json\/wp\/v2\/pages\/2787\/revisions"}],"predecessor-version":[{"id":7361,"href":"https:\/\/www.thenewyorkdoula.com\/de\/wp-json\/wp\/v2\/pages\/2787\/revisions\/7361"}],"up":[{"embeddable":true,"href":"https:\/\/www.thenewyorkdoula.com\/de\/wp-json\/wp\/v2\/pages\/2833"}],"wp:featuredmedia":[{"embeddable":true,"href":"https:\/\/www.thenewyorkdoula.com\/de\/wp-json\/"}],"wp:attachment":[{"href":"https:\/\/www.thenewyorkdoula.com\/de\/wp-json\/wp\/v2\/media?parent=2787"}],"curies":[{"name":"wp","href":"https:\/\/api.w.org\/{rel}","templated":true}]}}