{"id":2833,"date":"2017-11-22T15:48:29","date_gmt":"2017-11-22T15:48:29","guid":{"rendered":"https:\/\/www.thenewyorkdoula.com\/services\/"},"modified":"2024-10-11T20:13:25","modified_gmt":"2024-10-11T20:13:25","slug":"leistungen","status":"publish","type":"page","link":"https:\/\/www.thenewyorkdoula.com\/de\/leistungen\/","title":{"rendered":"LEISTUNGEN"},"content":{"rendered":"<div class=\"wpb-content-wrapper\"><div data-vc-full-width=\"true\" data-vc-full-width-temp=\"true\" data-vc-full-width-init=\"false\" class=\"vc_row wpb_row vc_row-fluid light-pink-row\"><div class=\"wpb_column vc_column_container vc_col-sm-12\"><div class=\"vc_column-inner\"><div class=\"wpb_wrapper\"><h2 style=\"text-align: left\" class=\"vc_custom_heading vc_do_custom_heading vc_custom_1529007086339\" >Leistungen<\/h2>\n\t<div class=\"wpb_text_column wpb_content_element\" >\n\t\t<div class=\"wpb_wrapper\">\n\t\t\t<h3>Mehr Informationen:<\/h3>\n<table>\n<tbody>\n<tr>\n<td>\n<ul>\n<li style=\"text-align: left;\"><a href=\"https:\/\/www.thenewyorkdoula.com\/services\/birth-doula-services\/\/\">Doula Betreuung w\u00e4hrend der Geburt<\/a><\/li>\n<li style=\"text-align: left;\"><a href=\"https:\/\/www.thenewyorkdoula.com\/de\/leistungen\/doula-betreuung-nach-der-geburt\/\">Doula Betreuung im Wochenbett<\/a><\/li>\n<li style=\"text-align: left;\"><a href=\"https:\/\/www.thenewyorkdoula.com\/de\/leistungen\/still-und-laktationsberatung\/\">Stillberatung<\/a><\/li>\n<li style=\"text-align: left;\">Vaginale Entbindung nach Kaiserschnitt (VBAC)<\/li>\n<\/ul>\n<\/td>\n<td style=\"text-align: left;\">\n<ul>\n<li><a href=\"https:\/\/www.thenewyorkdoula.com\/de\/leistungen\/lgbt-eltern\/\">LGBT Eltern<\/a><\/li>\n<li><a href=\"https:\/\/www.thenewyorkdoula.com\/de\/leistungen\/geburtskurse-in-new-york\/\">Geburtsvorbereitungskurse<\/a><\/li>\n<li><a href=\"https:\/\/www.thenewyorkdoula.com\/de\/leistungen\/kurse\/\">Still- und Babypflegekurse<\/a><\/li>\n<\/ul>\n<\/td>\n<td style=\"text-align: left;\">\n<ul>\n<li><a href=\"https:\/\/www.thenewyorkdoula.com\/de\/leistungen\/wenn-expats-kinder-in-new-york-bekommen\/\">Expat und schwanger in NYC<\/a><\/li>\n<li style=\"text-align: left;\"><a href=\"https:\/\/www.thenewyorkdoula.com\/de\/leistungen\/baby-nurses-und-nannies\/\">Baby nurses und Nannies<\/a><\/li>\n<li>Doula Trainings<\/li>\n<li class=\"hide\"><a href=\"https:\/\/www.thenewyorkdoula.com\/?page_id=2045\">Doula Concierge Service<\/a><\/li>\n<li style=\"display: none;\"><a href=\"https:\/\/www.thenewyorkdoula.com\/?page_id=2006\">Class schedule<\/a><\/li>\n<\/ul>\n<\/td>\n<\/tr>\n<\/tbody>\n<\/table>\n\n\t\t<\/div>\n\t<\/div>\n<\/div><\/div><\/div><\/div><div class=\"vc_row-full-width vc_clearfix\"><\/div><div data-vc-full-width=\"true\" data-vc-full-width-temp=\"true\" data-vc-full-width-init=\"false\" class=\"vc_row wpb_row vc_row-fluid light-pink-row vc_custom_1520615319654\"><div class=\"wpb_column vc_column_container vc_col-sm-12\"><div class=\"vc_column-inner\"><div class=\"wpb_wrapper\"><div class=\"vc_row wpb_row vc_inner vc_row-fluid vc_custom_1516314964812 vc_column-gap-5 vc_row-o-content-top vc_row-flex\"><div class=\"wpb_column vc_column_container vc_col-sm-4\"><div class=\"vc_column-inner\"><div class=\"wpb_wrapper\">\n\t<div  class=\"wpb_single_image wpb_content_element vc_align_left wpb_content_element\">\n\t\t\n\t\t<figure class=\"wpb_wrapper vc_figure\">\n\t\t\t<div class=\"vc_single_image-wrapper   vc_box_border_grey\"><img decoding=\"async\" class=\"vc_single_image-img \" src=\"https:\/\/www.thenewyorkdoula.com\/wp-content\/uploads\/2017\/11\/NYdoula-childbirth-class-13-e1514624000238-350x350.jpg\" width=\"350\" height=\"350\" alt=\"NYdoula-childbirth-class-13\" title=\"NYdoula-childbirth-class-13\" loading=\"lazy\" \/><\/div>\n\t\t<\/figure>\n\t<\/div>\n<\/div><\/div><\/div><div class=\"wpb_column vc_column_container vc_col-sm-4\"><div class=\"vc_column-inner\"><div class=\"wpb_wrapper\">\n\t<div  class=\"wpb_single_image wpb_content_element vc_align_left wpb_content_element\">\n\t\t\n\t\t<figure class=\"wpb_wrapper vc_figure\">\n\t\t\t<div class=\"vc_single_image-wrapper   vc_box_border_grey\"><img decoding=\"async\" class=\"vc_single_image-img \" src=\"https:\/\/www.thenewyorkdoula.com\/wp-content\/uploads\/2017\/11\/red-bedroom-2-350x350.jpg\" width=\"350\" height=\"350\" alt=\"red-bedroom-2\" title=\"red-bedroom-2\" loading=\"lazy\" \/><\/div>\n\t\t<\/figure>\n\t<\/div>\n<\/div><\/div><\/div><div class=\"wpb_column vc_column_container vc_col-sm-4\"><div class=\"vc_column-inner\"><div class=\"wpb_wrapper\">\n\t<div  class=\"wpb_single_image wpb_content_element vc_align_left wpb_content_element\">\n\t\t\n\t\t<figure class=\"wpb_wrapper vc_figure\">\n\t\t\t<div class=\"vc_single_image-wrapper   vc_box_border_grey\"><img decoding=\"async\" class=\"vc_single_image-img \" src=\"https:\/\/www.thenewyorkdoula.com\/wp-content\/uploads\/2017\/11\/NYdoula-childbirth-class-12-350x350.jpg\" width=\"350\" height=\"350\" alt=\"NYdoula-childbirth-class-12\" title=\"NYdoula-childbirth-class-12\" loading=\"lazy\" \/><\/div>\n\t\t<\/figure>\n\t<\/div>\n<\/div><\/div><\/div><\/div><\/div><\/div><\/div><\/div><div class=\"vc_row-full-width vc_clearfix\"><\/div><div data-vc-full-width=\"true\" data-vc-full-width-temp=\"true\" data-vc-full-width-init=\"false\" class=\"vc_row wpb_row vc_row-fluid light-pink-row\"><div class=\"wpb_column vc_column_container vc_col-sm-12\"><div class=\"vc_column-inner\"><div class=\"wpb_wrapper\"><div class=\"vc_empty_space\"   style=\"height: 20px\"><span class=\"vc_empty_space_inner\"><\/span><\/div><div class=\"vc_row wpb_row vc_inner vc_row-fluid vc_column-gap-10\"><div class=\"wpb_column vc_column_container vc_col-sm-4\"><div class=\"vc_column-inner\"><div class=\"wpb_wrapper\">\n\t<div class=\"wpb_text_column wpb_content_element\" >\n\t\t<div class=\"wpb_wrapper\">\n\t\t\t<h3>Schwangerschaft<\/h3>\n<ul>\n<li>Hilfe bei der Suche nach einem Belegarzt\/Hebamme<\/li>\n<li>Hilfe bei der Erstellung der Geburtspr\u00e4ferenzen (Birth plan): welche W\u00fcnsche habe ich f\u00fcr meine Geburt? Wie stelle ich sicher, dass ich das durchsetzen kann?<\/li>\n<li>Hilfe bei Schwangerschaftsbeschwerden<\/li>\n<li>Geburtsvorbereitung, Erlernen von Atem- und Entspannungstechniken<\/li>\n<li>Spezielle Techniken f\u00fcr M\u00fctter\/V\u00e4ter, die der Geburt mit grosser Angst entgegensehen oder generell an Angstzust\u00e4nden leiden<\/li>\n<li>Privat- und Gruppenkurse<\/li>\n<li>Empfehlungen von Spezialisten: ob Schwangerschaftsfotograf, Krankengymnast, Finanzberater f\u00fcr die junge Familie, ein Spezialist f\u00fcr Schwangerschaftsdiabetes, Umzugsunternehmen oder Masseur. Wir haben alles!<\/li>\n<li>Erlernen von Massagetechniken und weiteren schmerzlindernden M\u00f6glichkeiten<\/li>\n<li>Erkl\u00e4rung von medizinischen Begriffen, Prozeduren und Interventionen. Besonders wichtig, wenn man als deutschsprachige Eltern in NY entbindet und nicht \u00fcber die vielen Unterschiede zwischen USA und Deutschland informiert ist<\/li>\n<\/ul>\n\n\t\t<\/div>\n\t<\/div>\n<\/div><\/div><\/div><div class=\"wpb_column vc_column_container vc_col-sm-4\"><div class=\"vc_column-inner\"><div class=\"wpb_wrapper\">\n\t<div class=\"wpb_text_column wpb_content_element\" id=\"birth\">\n\t\t<div class=\"wpb_wrapper\">\n\t\t\t<h3>Geburt<\/h3>\n<ul>\n<li>Geburtsbetreuung: meist erst zu Hause, wo Du Dir Deinen Raum wunderbar gestalten kannst (siehe Foto). Da die Klinik Dich erst in &#8222;activ&#8220; labor aufnimmt, wird Deine Doula Dich vorerst zu Hause betreuen und sp\u00e4ter dann im Krankenhaus\/Birthing Center (es sei denn, Du planst eine Hausgeburt). Solltest Du eine Einleitung ben\u00f6tigen oder vorzeitigen Blasensprung haben, triffst Du Deine Doula meist direkt in der Klinik. Hilfe mit Atemtechniken, Schmerzlinderung durch wunderbare Positionen und Massagen, Unterst\u00fctzung Deines\/Deiner Geburtspartners\/In, Erkl\u00e4rung, was zu erwarten ist, advocacy, wenn Interventionen geplant sind, mit denen Du nicht einverstanden sind oder die Du jetzt (noch) nicht m\u00f6chtest.<\/li>\n<li>Wenn Du die Geburt eine PDA (Periduralan\u00e4sthesie) planst: Entscheidungshilfe, wann der richtige Zeitpunkt f\u00fcr die PDA ist, Hilfe mit Lagerung bei einer PDA und Techniken, das Becken offen zu halten, sodass Dein Baby trotz PDA gut ins Becken reinrutschen kann.<\/li>\n<li>Generelle Hilfe bei wichtigen (und unwichtigen) Entscheidungen<\/li>\n<\/ul>\n\n\t\t<\/div>\n\t<\/div>\n<\/div><\/div><\/div><div class=\"wpb_column vc_column_container vc_col-sm-4\"><div class=\"vc_column-inner\"><div class=\"wpb_wrapper\">\n\t<div class=\"wpb_text_column wpb_content_element\" >\n\t\t<div class=\"wpb_wrapper\">\n\t\t\t<h3>Wochenbett<\/h3>\n<ul>\n<li>Stillberatung und\/oder F\u00fctterung mit Flasche, Babypflege, Nabelpflege, Neugeborenen-Entwicklung, Gewichtszunahme Deines Babys, Informationen zum Thema Pl\u00f6tzlicher Kindstod (SIDS)<\/li>\n<li>Beratung bei Stillproblemen<\/li>\n<li>Unterst\u00fctzung Deines emotionalen und physischen Heilprozesses nach der Geburt, Beratung zum Thema Babyschlaf, Ern\u00e4hrung<\/li>\n<li>Erledigungen, einkaufen (postpartum Doula)<\/li>\n<li>Zubereitung der Mahlzeiten (postpartum Doula)<\/li>\n<\/ul>\n\n\t\t<\/div>\n\t<\/div>\n<\/div><\/div><\/div><\/div><\/div><\/div><\/div><\/div><div class=\"vc_row-full-width vc_clearfix\"><\/div><div data-vc-full-width=\"true\" data-vc-full-width-temp=\"true\" data-vc-full-width-init=\"false\" class=\"vc_row wpb_row vc_row-fluid light-pink-row\"><div class=\"wpb_column vc_column_container vc_col-sm-12\"><div class=\"vc_column-inner\"><div class=\"wpb_wrapper\">\n\t<div class=\"wpb_text_column wpb_content_element\" >\n\t\t<div class=\"wpb_wrapper\">\n\t\t\t<p>Sind Sie interessiert an einer Stillberatung? <a href=\"https:\/\/www.thenewyorkdoula.com\/services\/lactation-consultation\/\">Mehr Informationen hier.<\/a><\/p>\n\n\t\t<\/div>\n\t<\/div>\n<\/div><\/div><\/div><\/div><div class=\"vc_row-full-width vc_clearfix\"><\/div>\n<\/div>","protected":false},"excerpt":{"rendered":"Leistungen Mehr Informationen: Doula Betreuung w\u00e4hrend der Geburt Doula Betreuung im Wochenbett Stillberatung Vaginale Entbindung nach Kaiserschnitt (VBAC) LGBT Eltern Geburtsvorbereitungskurse Still- und Babypflegekurse Expat und<span class=\"excerpt-hellip\"> [\u2026]<\/span>","protected":false},"author":1,"featured_media":0,"parent":0,"menu_order":0,"comment_status":"closed","ping_status":"closed","template":"","meta":{"_acf_changed":false,"footnotes":""},"class_list":["post-2833","page","type-page","status-publish","hentry"],"acf":[],"aioseo_notices":[],"_links":{"self":[{"href":"https:\/\/www.thenewyorkdoula.com\/de\/wp-json\/wp\/v2\/pages\/2833","targetHints":{"allow":["GET"]}}],"collection":[{"href":"https:\/\/www.thenewyorkdoula.com\/de\/wp-json\/wp\/v2\/pages"}],"about":[{"href":"https:\/\/www.thenewyorkdoula.com\/de\/wp-json\/wp\/v2\/types\/page"}],"author":[{"embeddable":true,"href":"https:\/\/www.thenewyorkdoula.com\/de\/wp-json\/wp\/v2\/users\/1"}],"replies":[{"embeddable":true,"href":"https:\/\/www.thenewyorkdoula.com\/de\/wp-json\/wp\/v2\/comments?post=2833"}],"version-history":[{"count":3,"href":"https:\/\/www.thenewyorkdoula.com\/de\/wp-json\/wp\/v2\/pages\/2833\/revisions"}],"predecessor-version":[{"id":6876,"href":"https:\/\/www.thenewyorkdoula.com\/de\/wp-json\/wp\/v2\/pages\/2833\/revisions\/6876"}],"wp:attachment":[{"href":"https:\/\/www.thenewyorkdoula.com\/de\/wp-json\/wp\/v2\/media?parent=2833"}],"curies":[{"name":"wp","href":"https:\/\/api.w.org\/{rel}","templated":true}]}}