{"id":2837,"date":"2018-01-11T17:39:34","date_gmt":"2018-01-11T17:39:34","guid":{"rendered":"https:\/\/www.thenewyorkdoula.com\/services\/lgbt-parents\/"},"modified":"2018-05-22T18:51:40","modified_gmt":"2018-05-22T18:51:40","slug":"lgbt-eltern","status":"publish","type":"page","link":"https:\/\/www.thenewyorkdoula.com\/de\/leistungen\/lgbt-eltern\/","title":{"rendered":"LGBT Eltern"},"content":{"rendered":"<div class=\"wpb-content-wrapper\"><div data-vc-full-width=\"true\" data-vc-full-width-temp=\"true\" data-vc-full-width-init=\"false\" class=\"vc_row wpb_row vc_row-fluid pink-row\"><div class=\"wpb_column vc_column_container vc_col-sm-12\"><div class=\"vc_column-inner\"><div class=\"wpb_wrapper\"><h2 style=\"text-align: left\" class=\"vc_custom_heading vc_do_custom_heading vc_custom_1527000667318\" >LGBT Eltern<br \/>\n<\/h2><div class=\"vc_row wpb_row vc_inner vc_row-fluid vc_custom_1516137645786\"><div class=\"wpb_column vc_column_container vc_col-sm-4\"><div class=\"vc_column-inner\"><div class=\"wpb_wrapper\">\n\t<div  class=\"wpb_single_image wpb_content_element vc_align_left wpb_content_element\">\n\t\t\n\t\t<figure class=\"wpb_wrapper vc_figure\">\n\t\t\t<div class=\"vc_single_image-wrapper   vc_box_border_grey\"><img decoding=\"async\" class=\"vc_single_image-img \" src=\"https:\/\/www.thenewyorkdoula.com\/wp-content\/uploads\/2018\/01\/ThinkstockPhotos-524157306-300x300.jpg\" width=\"300\" height=\"300\" alt=\"LGBT Eltern\" title=\"LGBT Eltern\" loading=\"lazy\" \/><\/div>\n\t\t<\/figure>\n\t<\/div>\n<\/div><\/div><\/div><div class=\"wpb_column vc_column_container vc_col-sm-4\"><div class=\"vc_column-inner\"><div class=\"wpb_wrapper\">\n\t<div  class=\"wpb_single_image wpb_content_element vc_align_left wpb_content_element\">\n\t\t\n\t\t<figure class=\"wpb_wrapper vc_figure\">\n\t\t\t<div class=\"vc_single_image-wrapper   vc_box_border_grey\"><img decoding=\"async\" class=\"vc_single_image-img \" src=\"https:\/\/www.thenewyorkdoula.com\/wp-content\/uploads\/2018\/01\/ThinkstockPhotos-483894328-300x300.jpg\" width=\"300\" height=\"300\" alt=\"LGBT Eltern - Lesbian Family\" title=\"LGBT Eltern\" loading=\"lazy\" \/><\/div>\n\t\t<\/figure>\n\t<\/div>\n<\/div><\/div><\/div><div class=\"wpb_column vc_column_container vc_col-sm-4\"><div class=\"vc_column-inner\"><div class=\"wpb_wrapper\">\n\t<div  class=\"wpb_single_image wpb_content_element vc_align_left wpb_content_element\">\n\t\t\n\t\t<figure class=\"wpb_wrapper vc_figure\">\n\t\t\t<div class=\"vc_single_image-wrapper   vc_box_border_grey\"><img decoding=\"async\" class=\"vc_single_image-img \" src=\"https:\/\/www.thenewyorkdoula.com\/wp-content\/uploads\/2018\/01\/NYdoula-sleep-blog-768x449-300x300.png\" width=\"300\" height=\"300\" alt=\"NYdoula-sleep-blog-768x449\" title=\"NYdoula-sleep-blog-768x449\" loading=\"lazy\" \/><\/div>\n\t\t<\/figure>\n\t<\/div>\n<\/div><\/div><\/div><\/div><\/div><\/div><\/div><\/div><div class=\"vc_row-full-width vc_clearfix\"><\/div><!-- Row Backgrounds --><div class=\"upb_color\" data-bg-override=\"0\" data-bg-color=\"\" data-fadeout=\"\" data-fadeout-percentage=\"30\" data-parallax-content=\"\" data-parallax-content-sense=\"30\" data-row-effect-mobile-disable=\"true\" data-img-parallax-mobile-disable=\"true\" data-rtl=\"false\"  data-custom-vc-row=\"\"  data-vc=\"8.7.2\"  data-is_old_vc=\"\"  data-theme-support=\"\"   data-overlay=\"false\" data-overlay-color=\"\" data-overlay-pattern=\"\" data-overlay-pattern-opacity=\"\" data-overlay-pattern-size=\"\"    ><\/div><div data-vc-full-width=\"true\" data-vc-full-width-temp=\"true\" data-vc-full-width-init=\"false\" class=\"vc_row wpb_row vc_row-fluid light-pink-row vc_custom_1520616836443\"><div class=\"wpb_column vc_column_container vc_col-sm-12\"><div class=\"vc_column-inner\"><div class=\"wpb_wrapper\">\n\t<div class=\"wpb_text_column wpb_content_element\" >\n\t\t<div class=\"wpb_wrapper\">\n\t\t\t<h3 class=\"mceTemp\">Ein weibliches Elternpaar, ein m\u00e4nnliches Elternpaar &#8211; und alle in freudiger Erwartung!<\/h3>\n<p>Herzlichen Gl\u00fcckwunsch! Diese Reise wird unvergessslich\u2026<\/p>\n<p>Als Doulas lieben wir es, uns in ganz unterschiedliche Familienstrukturen einzubringen &#8211; Vielfalt macht das Leben doch erst bunt. Egal, ob Sie ein lesbisches P\u00e4rchen sind und eigenen Nachwuchs erwarten, als schwules P\u00e4rchen darauf warten, dass Ihre Leihmutter Wehen bekommt oder Sie es kaum erwarten k\u00f6nnen, Ihr Adoptivkind zuhause, in Ihren Armen, willkommen zu hei\u00dfen &#8211; so verschieden Sie sind, einer Herausforderung m\u00fcssen sich alle gleicherma\u00dfen stellen: Die Zeit, sich vorzubereiten, scheint immer zu knapp zu sein!<\/p>\n<p>Ganz gleich, auf welchem Wege Ihr Kind ein neuer Erdenb\u00fcrger wird, Sie schaffen ein neues Leben und katapultieren sich in eine der wohl spannendsten Aufgaben, die es gibt: Eltern zu sein. Um Sie herum wird sich jede Menge tun &#8211; Ihre Gef\u00fchle werden Achterbahn fahren und jegliche Vorstellung wird zu einer neuen, aufregenden Realit\u00e4t. All das verdient Ihre ungeteilte Aufmerksamkeit. Als Doula in Ihrem Team und dank unserer langj\u00e4hrigen Erfahrung k\u00f6nnen wir sehr gut auf Ihre besondere Situation eingehen und Sie entsprechend unterst\u00fctzen. Wir verstehen Ihre Aufregung und \u00c4ngste &#8211; und helfen Ihnen dabei, den \u00dcbergang von &#8222;wir Beide&#8220; zum &#8222;Tollen Trio&#8220; oder den &#8222;Fantastischen Vier&#8220; so nahtlos wie m\u00f6glich mitzugestalten und Sie auf diesem Weg, Schritt f\u00fcr Schritt, zu begleiten.<\/p>\n<p>Wir arbeiten jedes Jahr mit mehreren LGBT Paaren zusammen und freuen uns sehr, mit Ihnen zu sprechen und mehr \u00fcber Sie, Ihre Hoffnungen und W\u00fcnsche, Ihre Pl\u00e4ne und m\u00f6glichen Bedenken zu erfahren.<\/p>\n<p>Melden Sie sich gerne bei uns- wir freuen uns darauf, diese Reise in eine spannende Zukunft gemeinsam mit Ihnen zu planen.<\/p>\n<p>P.S. Eine hervorragende Quelle f\u00fcr Paare, die k\u00fcnstliche Befruchtung, Leihmutterschaft oder Adoption in Betracht ziehen, um eine Familie zu gr\u00fcnden, finden Sie\u00a0<a href=\"http:\/\/itsconceivablenow.com\/\" target=\" _blank\">HIER<\/a>.<\/p>\n\n\t\t<\/div>\n\t<\/div>\n<\/div><\/div><\/div><\/div><div class=\"vc_row-full-width vc_clearfix\"><\/div><!-- Row Backgrounds --><div class=\"upb_color\" data-bg-override=\"0\" data-bg-color=\"\" data-fadeout=\"\" data-fadeout-percentage=\"30\" data-parallax-content=\"\" data-parallax-content-sense=\"30\" data-row-effect-mobile-disable=\"true\" data-img-parallax-mobile-disable=\"true\" data-rtl=\"false\"  data-custom-vc-row=\"\"  data-vc=\"8.7.2\"  data-is_old_vc=\"\"  data-theme-support=\"\"   data-overlay=\"false\" data-overlay-color=\"\" data-overlay-pattern=\"\" data-overlay-pattern-opacity=\"\" data-overlay-pattern-size=\"\"    ><\/div>\n<\/div>","protected":false},"excerpt":{"rendered":"LGBT Eltern Ein weibliches Elternpaar, ein m\u00e4nnliches Elternpaar - und alle in freudiger Erwartung! Herzlichen Gl\u00fcckwunsch! Diese Reise wird unvergessslich\u2026 Als Doulas lieben wir es, uns<span class=\"excerpt-hellip\"> [\u2026]<\/span>","protected":false},"author":1,"featured_media":0,"parent":2833,"menu_order":0,"comment_status":"closed","ping_status":"closed","template":"","meta":{"_acf_changed":false,"footnotes":""},"class_list":["post-2837","page","type-page","status-publish","hentry"],"acf":[],"aioseo_notices":[],"_links":{"self":[{"href":"https:\/\/www.thenewyorkdoula.com\/de\/wp-json\/wp\/v2\/pages\/2837","targetHints":{"allow":["GET"]}}],"collection":[{"href":"https:\/\/www.thenewyorkdoula.com\/de\/wp-json\/wp\/v2\/pages"}],"about":[{"href":"https:\/\/www.thenewyorkdoula.com\/de\/wp-json\/wp\/v2\/types\/page"}],"author":[{"embeddable":true,"href":"https:\/\/www.thenewyorkdoula.com\/de\/wp-json\/wp\/v2\/users\/1"}],"replies":[{"embeddable":true,"href":"https:\/\/www.thenewyorkdoula.com\/de\/wp-json\/wp\/v2\/comments?post=2837"}],"version-history":[{"count":0,"href":"https:\/\/www.thenewyorkdoula.com\/de\/wp-json\/wp\/v2\/pages\/2837\/revisions"}],"up":[{"embeddable":true,"href":"https:\/\/www.thenewyorkdoula.com\/de\/wp-json\/wp\/v2\/pages\/2833"}],"wp:attachment":[{"href":"https:\/\/www.thenewyorkdoula.com\/de\/wp-json\/wp\/v2\/media?parent=2837"}],"curies":[{"name":"wp","href":"https:\/\/api.w.org\/{rel}","templated":true}]}}