{"id":2845,"date":"2018-04-30T18:23:42","date_gmt":"2018-04-30T18:23:42","guid":{"rendered":"https:\/\/www.thenewyorkdoula.com\/services\/birth-doula-services\/"},"modified":"2024-10-11T20:19:15","modified_gmt":"2024-10-11T20:19:15","slug":"doula-betreuung-waehrend-der-geburt","status":"publish","type":"page","link":"https:\/\/www.thenewyorkdoula.com\/de\/leistungen\/doula-betreuung-waehrend-der-geburt\/","title":{"rendered":"Doula Betreuung w\u00e4hrend der Geburt"},"content":{"rendered":"<div class=\"wpb-content-wrapper\"><div data-vc-full-width=\"true\" data-vc-full-width-temp=\"true\" data-vc-full-width-init=\"false\" class=\"vc_row wpb_row vc_row-fluid pink-row vc_custom_1520615884008\"><div class=\"wpb_column vc_column_container vc_col-sm-12\"><div class=\"vc_column-inner\"><div class=\"wpb_wrapper\"><h2 style=\"text-align: left\" class=\"vc_custom_heading vc_do_custom_heading vc_custom_1527002759364\" >Doula Betreuung w\u00e4hrend der Geburt<\/h2><div class=\"vc_row wpb_row vc_inner vc_row-fluid vc_custom_1515685575012 vc_column-gap-5 vc_row-o-content-top vc_row-flex\"><div class=\"wpb_column vc_column_container vc_col-sm-4\"><div class=\"vc_column-inner\"><div class=\"wpb_wrapper\">\n\t<div  class=\"wpb_single_image wpb_content_element vc_align_left wpb_content_element vc_custom_1525113109042\">\n\t\t\n\t\t<figure class=\"wpb_wrapper vc_figure\">\n\t\t\t<div class=\"vc_single_image-wrapper   vc_box_border_grey\"><img decoding=\"async\" class=\"vc_single_image-img \" src=\"https:\/\/www.thenewyorkdoula.com\/wp-content\/uploads\/2018\/04\/87.jpg\" width=\"350\" height=\"350\" alt=\"Birth Doula Services\" title=\"Birth Doula Services\" loading=\"lazy\" \/><\/div>\n\t\t<\/figure>\n\t<\/div>\n<div class=\"vc_empty_space\"   style=\"height: 32px\"><span class=\"vc_empty_space_inner\"><\/span><\/div><\/div><\/div><\/div><div class=\"wpb_column vc_column_container vc_col-sm-4\"><div class=\"vc_column-inner\"><div class=\"wpb_wrapper\">\n\t<div  class=\"wpb_single_image wpb_content_element vc_align_left wpb_content_element vc_custom_1525113116491\">\n\t\t\n\t\t<figure class=\"wpb_wrapper vc_figure\">\n\t\t\t<div class=\"vc_single_image-wrapper   vc_box_border_grey\"><img decoding=\"async\" class=\"vc_single_image-img \" src=\"https:\/\/www.thenewyorkdoula.com\/wp-content\/uploads\/2018\/04\/Clementine-2048.jpg\" width=\"350\" height=\"350\" alt=\"Clementine\" title=\"Clementine\" loading=\"lazy\" \/><\/div>\n\t\t<\/figure>\n\t<\/div>\n<div class=\"vc_empty_space\"   style=\"height: 32px\"><span class=\"vc_empty_space_inner\"><\/span><\/div><\/div><\/div><\/div><div class=\"wpb_column vc_column_container vc_col-sm-4\"><div class=\"vc_column-inner\"><div class=\"wpb_wrapper\">\n\t<div  class=\"wpb_single_image wpb_content_element vc_align_left wpb_content_element vc_custom_1525113122838\">\n\t\t\n\t\t<figure class=\"wpb_wrapper vc_figure\">\n\t\t\t<div class=\"vc_single_image-wrapper   vc_box_border_grey\"><img decoding=\"async\" class=\"vc_single_image-img \" src=\"https:\/\/www.thenewyorkdoula.com\/wp-content\/uploads\/2018\/04\/Nicole-Farag.jpg\" width=\"350\" height=\"350\" alt=\"Nicole Farag\" title=\"Nicole Farag\" loading=\"lazy\" \/><\/div>\n\t\t<\/figure>\n\t<\/div>\n<div class=\"vc_empty_space\"   style=\"height: 32px\"><span class=\"vc_empty_space_inner\"><\/span><\/div><\/div><\/div><\/div><\/div><\/div><\/div><\/div><\/div><div class=\"vc_row-full-width vc_clearfix\"><\/div><!-- Row Backgrounds --><div class=\"upb_color\" data-bg-override=\"0\" data-bg-color=\"\" data-fadeout=\"\" data-fadeout-percentage=\"30\" data-parallax-content=\"\" data-parallax-content-sense=\"30\" data-row-effect-mobile-disable=\"true\" data-img-parallax-mobile-disable=\"true\" data-rtl=\"false\"  data-custom-vc-row=\"\"  data-vc=\"8.7.2\"  data-is_old_vc=\"\"  data-theme-support=\"\"   data-overlay=\"false\" data-overlay-color=\"\" data-overlay-pattern=\"\" data-overlay-pattern-opacity=\"\" data-overlay-pattern-size=\"\"    ><\/div><div data-vc-full-width=\"true\" data-vc-full-width-temp=\"true\" data-vc-full-width-init=\"false\" class=\"vc_row wpb_row vc_row-fluid light-pink-row\"><div class=\"wpb_column vc_column_container vc_col-sm-8\"><div class=\"vc_column-inner\"><div class=\"wpb_wrapper\">\n\t<div class=\"wpb_text_column wpb_content_element\" >\n\t\t<div class=\"wpb_wrapper\">\n\t\t\t<h3 class=\"mceTemp\">Doula Betreuung w\u00e4hrend der Geburt<\/h3>\n<p>Schon immer wurden werdende M\u00fctter bei der Geburt kontinuierlich unterst\u00fctzt und begleitet. Da Geburtsbetreuung heute nur noch selten durch die eigene Mutter, Schwester oder Tante stattfindet, haben Doulas diese Rolle \u00fcbernommen.<\/p>\n<p>Eine Doula ist eine Geburts-Expertin, die Du 4-6 Monate vor Deinem Entbindungstermin buchst (manchmal auch kurzfristig, wenn die Doula verf\u00fcgbar ist). Sie begleitet Dich durch die Schwangerschaft, steht f\u00fcr allerlei Fragen zur Verf\u00fcgung, hilft bei Entscheidungen (ob medizinisch, praktisch oder emotional), bereitet Dich und Deinen Partner\/In auf die Geburt und das Wochenbett vor, hilft bei der Erstellung eines Geburtsplanes und sorgt daf\u00fcr, dass Du Dich sicher und vorbereitet f\u00fchlst w\u00e4hrend dieser aufregenden Zeit. Die Geburtsbetreuung durch eine Doula hat statistisch viele Vorteile:<\/p>\n<p>Doula-begleitete Geburten haben 40% weniger Kaiserschnitte, weniger ben\u00f6tigte Schmerzmittel, weniger Wehenmittel, ein ges\u00fcnderes Baby, 13% weniger Verlegungen in eine Kinderklinik und ein wesentlich besseres Geburtserlebnis.<\/p>\n<p>Cochrane study review zum Thema Doula Betreuung: <a href=\"http:\/\/onlinelibrary.wiley.com\/doi\/10.1002\/14651858.CD003766.pub5\/full\" target=\"_blank\" rel=\"noopener noreferrer\">http:\/\/onlinelibrary.wiley.com\/doi\/10.1002\/14651858.CD003766.pub5\/full<\/a><\/p>\n\n\t\t<\/div>\n\t<\/div>\n\n\t<div  class=\"wpb_single_image wpb_content_element vc_align_left wpb_content_element vc_custom_1646047466425\">\n\t\t\n\t\t<figure class=\"wpb_wrapper vc_figure\">\n\t\t\t<div class=\"vc_single_image-wrapper   vc_box_border_grey\"><img loading=\"lazy\" decoding=\"async\" width=\"300\" height=\"236\" src=\"https:\/\/www.thenewyorkdoula.com\/wp-content\/uploads\/2022\/02\/Screenshot-2022-02-28-at-13.22.41-300x236.png\" class=\"vc_single_image-img attachment-medium\" alt=\"\" title=\"Screenshot 2022-02-28 at 13.22.41\" srcset=\"https:\/\/www.thenewyorkdoula.com\/wp-content\/uploads\/2022\/02\/Screenshot-2022-02-28-at-13.22.41-300x236.png 300w, https:\/\/www.thenewyorkdoula.com\/wp-content\/uploads\/2022\/02\/Screenshot-2022-02-28-at-13.22.41-1024x805.png 1024w, https:\/\/www.thenewyorkdoula.com\/wp-content\/uploads\/2022\/02\/Screenshot-2022-02-28-at-13.22.41-768x603.png 768w, https:\/\/www.thenewyorkdoula.com\/wp-content\/uploads\/2022\/02\/Screenshot-2022-02-28-at-13.22.41-186x146.png 186w, https:\/\/www.thenewyorkdoula.com\/wp-content\/uploads\/2022\/02\/Screenshot-2022-02-28-at-13.22.41-50x39.png 50w, https:\/\/www.thenewyorkdoula.com\/wp-content\/uploads\/2022\/02\/Screenshot-2022-02-28-at-13.22.41-95x75.png 95w, https:\/\/www.thenewyorkdoula.com\/wp-content\/uploads\/2022\/02\/Screenshot-2022-02-28-at-13.22.41.png 1092w\" sizes=\"auto, (max-width:767px) 300px, 300px\" \/><\/div>\n\t\t<\/figure>\n\t<\/div>\n<\/div><\/div><\/div><div class=\"wpb_column vc_column_container vc_col-sm-4\"><div class=\"vc_column-inner\"><div class=\"wpb_wrapper\"><div class=\"vc_empty_space\"   style=\"height: 32px\"><span class=\"vc_empty_space_inner\"><\/span><\/div>\n\t<div  class=\"wpb_single_image wpb_content_element vc_align_left wpb_content_element vc_custom_1525112597834\">\n\t\t\n\t\t<figure class=\"wpb_wrapper vc_figure\">\n\t\t\t<div class=\"vc_single_image-wrapper   vc_box_border_grey\"><img decoding=\"async\" class=\"vc_single_image-img \" src=\"https:\/\/www.thenewyorkdoula.com\/wp-content\/uploads\/2018\/04\/PB081155.jpg\" width=\"350\" height=\"350\" alt=\"Birth Doula Services\" title=\"Birth Doula Services\" loading=\"lazy\" \/><\/div>\n\t\t<\/figure>\n\t<\/div>\n<\/div><\/div><\/div><\/div><div class=\"vc_row-full-width vc_clearfix\"><\/div><!-- Row Backgrounds --><div class=\"upb_color\" data-bg-override=\"0\" data-bg-color=\"\" data-fadeout=\"\" data-fadeout-percentage=\"30\" data-parallax-content=\"\" data-parallax-content-sense=\"30\" data-row-effect-mobile-disable=\"true\" data-img-parallax-mobile-disable=\"true\" data-rtl=\"false\"  data-custom-vc-row=\"\"  data-vc=\"8.7.2\"  data-is_old_vc=\"\"  data-theme-support=\"\"   data-overlay=\"false\" data-overlay-color=\"\" data-overlay-pattern=\"\" data-overlay-pattern-opacity=\"\" data-overlay-pattern-size=\"\"    ><\/div><div data-vc-full-width=\"true\" data-vc-full-width-temp=\"true\" data-vc-full-width-init=\"false\" class=\"vc_row wpb_row vc_row-fluid pink-row\"><div class=\"wpb_column vc_column_container vc_col-sm-4\"><div class=\"vc_column-inner\"><div class=\"wpb_wrapper\"><div class=\"vc_empty_space\"   style=\"height: 32px\"><span class=\"vc_empty_space_inner\"><\/span><\/div>\n\t<div  class=\"wpb_single_image wpb_content_element vc_align_left wpb_content_element vc_custom_1525112614244\">\n\t\t\n\t\t<figure class=\"wpb_wrapper vc_figure\">\n\t\t\t<div class=\"vc_single_image-wrapper   vc_box_border_grey\"><img decoding=\"async\" class=\"vc_single_image-img \" src=\"https:\/\/www.thenewyorkdoula.com\/wp-content\/uploads\/2018\/04\/ok-for-website.jpg\" width=\"350\" height=\"350\" alt=\"Baby Doula Services\" title=\"Doula Services\" loading=\"lazy\" \/><\/div>\n\t\t<\/figure>\n\t<\/div>\n<\/div><\/div><\/div><div class=\"wpb_column vc_column_container vc_col-sm-8\"><div class=\"vc_column-inner\"><div class=\"wpb_wrapper\">\n\t<div class=\"wpb_text_column wpb_content_element\" >\n\t\t<div class=\"wpb_wrapper\">\n\t\t\t<h3>Was beinhaltet die Betreuung durch eine Doula?<\/h3>\n<ul>\n<li>1 oder mehrere Hausbesuche w\u00e4hrend der Schwangerschaft<\/li>\n<li>Email und SMS Beratung bis zu einem Monat nach der Entbindung<\/li>\n<li>Hilfe bei der Suche nach einem Belegarzt oder Hebamme<\/li>\n<li>Beratung bei der Entscheidung, wo und wie Du entbinden m\u00f6chtest<\/li>\n<li>Erstellung eines Geburtsplanes<\/li>\n<li>Rufbereitschaft ab 2 Wochen vor Deinem Entbindungstermin<\/li>\n<li>Betreuung in &#8222;early labor&#8220;, wenn Deine Klinik Dich noch nicht aufnimmt<\/li>\n<li>Wehenbetreuung zu Hause, solange Du Dich dort wohl f\u00fchlst<\/li>\n<li>Massagen und Positionen, um die Position Deines Babys zu Deinem Becken zu optimieren<\/li>\n<li>Atemtechniken f\u00fcr jede Phase Deiner Geburt<\/li>\n<li>Teamwork mit Deinem\/r Partner\/In, sodass Kraft gesammelt, gegessen, Fragen beantwortet und der \u00dcbergang in das neue Familienleben einfach wunderbar wird<\/li>\n<li>Organisation des Transports in die Klinik\/Geburtshaus<\/li>\n<li>Kenntnis der verschiedenen Protokolle einer jeden Klinik in NYC (z.B. darfst Du nur in einigen Kliniken w\u00e4hrend der Geburt etwas essen oder darfst nur in wenigen Kliniken einen Tropf ablehnen)<\/li>\n<li>\u00dcberwachung Deiner Betreuung, sodass Deine Geburtsw\u00fcnsche bei Aufnahme in der Klinik ber\u00fccksichtigt werden<\/li>\n<li>Advocacy f\u00fcr Dich, wenn Interventionen vorgeschlagen werden, denen Du nicht zustimmst<\/li>\n<li>Durchgehende Betreuung im Kreissaal- Deine Krankenschwester wird nur ab und an im Raum sein und Dein Arzt\/In kommt meist bei Deiner Ankunft, eventuell alle 2 Stunden und dann zur Geburt<\/li>\n<li>Hilfe bei Entscheidungen, Erkl\u00e4rung von Interventionen und medizinischen Begriffen<\/li>\n<li>Hilfe mit Skin-to-Skin direkt nach der Geburt<\/li>\n<li>1 oder mehr Hausbesuche im Wochenbett<\/li>\n<\/ul>\n<p>Egal, was f\u00fcr eine Art Geburt Du planst- wir m\u00f6chten, dass Du DEINE Geburt bekommst. Ob mit PDA, nat\u00fcrlich, geplanter Kaiserschnitt oder Hausgeburt. Du bekommst ein Baby und die Betreuung durch eine Doula wird Deine Erfahrung so viel angenehmer machen.<\/p>\n<p>Unser Doula-Team findest Du <a href=\"https:\/\/www.thenewyorkdoula.com\/about\/meet-the-doulas-and-baby-specialists\/\">hier.<\/a><\/p>\n\n\t\t<\/div>\n\t<\/div>\n<\/div><\/div><\/div><\/div><div class=\"vc_row-full-width vc_clearfix\"><\/div><!-- Row Backgrounds --><div class=\"upb_color\" data-bg-override=\"0\" data-bg-color=\"\" data-fadeout=\"\" data-fadeout-percentage=\"30\" data-parallax-content=\"\" data-parallax-content-sense=\"30\" data-row-effect-mobile-disable=\"true\" data-img-parallax-mobile-disable=\"true\" data-rtl=\"false\"  data-custom-vc-row=\"\"  data-vc=\"8.7.2\"  data-is_old_vc=\"\"  data-theme-support=\"\"   data-overlay=\"false\" data-overlay-color=\"\" data-overlay-pattern=\"\" data-overlay-pattern-opacity=\"\" data-overlay-pattern-size=\"\"    ><\/div><div data-vc-full-width=\"true\" data-vc-full-width-temp=\"true\" data-vc-full-width-init=\"false\" class=\"vc_row wpb_row vc_row-fluid light-pink-row\"><div class=\"wpb_column vc_column_container vc_col-sm-12\"><div class=\"vc_column-inner\"><div class=\"wpb_wrapper\">\n\t<div class=\"wpb_text_column wpb_content_element\" >\n\t\t<div class=\"wpb_wrapper\">\n\t\t\t<p>Wir sind f\u00fcr Sie da! F\u00fcr mehr Informationen schreiben Sie an <a href=\"mailto:info@thenewyorkbaby.com\">info@thenewyorkbaby.com<\/a><\/p>\n\n\t\t<\/div>\n\t<\/div>\n<\/div><\/div><\/div><\/div><div class=\"vc_row-full-width vc_clearfix\"><\/div>\n<\/div>","protected":false},"excerpt":{"rendered":"Doula Betreuung w\u00e4hrend der Geburt Doula Betreuung w\u00e4hrend der Geburt Schon immer wurden werdende M\u00fctter bei der Geburt kontinuierlich unterst\u00fctzt und begleitet. Da Geburtsbetreuung heute nur<span class=\"excerpt-hellip\"> [\u2026]<\/span>","protected":false},"author":1,"featured_media":0,"parent":2833,"menu_order":0,"comment_status":"closed","ping_status":"closed","template":"","meta":{"_acf_changed":false,"footnotes":""},"class_list":["post-2845","page","type-page","status-publish","hentry"],"acf":[],"aioseo_notices":[],"_links":{"self":[{"href":"https:\/\/www.thenewyorkdoula.com\/de\/wp-json\/wp\/v2\/pages\/2845","targetHints":{"allow":["GET"]}}],"collection":[{"href":"https:\/\/www.thenewyorkdoula.com\/de\/wp-json\/wp\/v2\/pages"}],"about":[{"href":"https:\/\/www.thenewyorkdoula.com\/de\/wp-json\/wp\/v2\/types\/page"}],"author":[{"embeddable":true,"href":"https:\/\/www.thenewyorkdoula.com\/de\/wp-json\/wp\/v2\/users\/1"}],"replies":[{"embeddable":true,"href":"https:\/\/www.thenewyorkdoula.com\/de\/wp-json\/wp\/v2\/comments?post=2845"}],"version-history":[{"count":5,"href":"https:\/\/www.thenewyorkdoula.com\/de\/wp-json\/wp\/v2\/pages\/2845\/revisions"}],"predecessor-version":[{"id":6879,"href":"https:\/\/www.thenewyorkdoula.com\/de\/wp-json\/wp\/v2\/pages\/2845\/revisions\/6879"}],"up":[{"embeddable":true,"href":"https:\/\/www.thenewyorkdoula.com\/de\/wp-json\/wp\/v2\/pages\/2833"}],"wp:attachment":[{"href":"https:\/\/www.thenewyorkdoula.com\/de\/wp-json\/wp\/v2\/media?parent=2845"}],"curies":[{"name":"wp","href":"https:\/\/api.w.org\/{rel}","templated":true}]}}