{"id":2849,"date":"2018-01-11T19:06:02","date_gmt":"2018-01-11T19:06:02","guid":{"rendered":"https:\/\/www.thenewyorkdoula.com\/services\/childbirth-classes-new-york\/"},"modified":"2024-10-11T20:21:31","modified_gmt":"2024-10-11T20:21:31","slug":"geburtskurse-in-new-york","status":"publish","type":"page","link":"https:\/\/www.thenewyorkdoula.com\/de\/leistungen\/geburtskurse-in-new-york\/","title":{"rendered":"Geburtskurse in New York"},"content":{"rendered":"<div class=\"wpb-content-wrapper\"><div data-vc-full-width=\"true\" data-vc-full-width-temp=\"true\" data-vc-full-width-init=\"false\" class=\"vc_row wpb_row vc_row-fluid pink-row\"><div class=\"wpb_column vc_column_container vc_col-sm-12\"><div class=\"vc_column-inner\"><div class=\"wpb_wrapper\"><h2 style=\"text-align: left\" class=\"vc_custom_heading vc_do_custom_heading vc_custom_1527003447504\" >Geburtskurse in New York<\/h2><\/div><\/div><\/div><\/div><div class=\"vc_row-full-width vc_clearfix\"><\/div><!-- Row Backgrounds --><div class=\"upb_color\" data-bg-override=\"0\" data-bg-color=\"\" data-fadeout=\"\" data-fadeout-percentage=\"30\" data-parallax-content=\"\" data-parallax-content-sense=\"30\" data-row-effect-mobile-disable=\"true\" data-img-parallax-mobile-disable=\"true\" data-rtl=\"false\"  data-custom-vc-row=\"\"  data-vc=\"8.7.2\"  data-is_old_vc=\"\"  data-theme-support=\"\"   data-overlay=\"false\" data-overlay-color=\"\" data-overlay-pattern=\"\" data-overlay-pattern-opacity=\"\" data-overlay-pattern-size=\"\"    ><\/div><div data-vc-full-width=\"true\" data-vc-full-width-temp=\"true\" data-vc-full-width-init=\"false\" class=\"vc_row wpb_row vc_row-fluid light-pink-row\"><div class=\"wpb_column vc_column_container vc_col-sm-12\"><div class=\"vc_column-inner vc_custom_1520545557344\"><div class=\"wpb_wrapper\"><p style=\"text-align: left\" class=\"vc_custom_heading vc_do_custom_heading\" >Wei\u00df ihr Partner\/Ihre Partnerin wie er\/sie sich bei der Geburt verhalten soll? Die Antwort ist eher verhalten selbstbewusst? Dann nehmen Sie doch lieber gemeinsam Teil!<\/p><div class=\"blockquote\"><span class=\"mfn-blockquote-icon\"><i class=\"icon-quote\" aria-hidden=\"true\"><\/i><\/span><blockquote class=\"mfn-inline-editor\">Die Klasse war ausgezeichnet! gut organisiert, optimistisch, klar und schaffte es, eine erstaunliche Menge an Informationen in die Zeit zu packen. Stephanie ist eindeutig eine Expertin in allen Aspekten von vor \/ w\u00e4hrend \/ nach der Geburt und sie ist auch eine \u00e4u\u00dferst kompetente Kursleiterin. Die Klasse war strukturiert und kurzweilig, aber es war auch konversationell. Mit so einer kleinen Klassengr\u00f6\u00dfe f\u00fchlte ich mich wohl, Fragen zu stellen und Bedenken zu teilen, die ich definitiv nicht in einer gr\u00f6\u00dferen Gruppe haben w\u00fcrde, und ich sch\u00e4tzte besonders Stephanies direkte, selbstbewusste Antworten. Wir nahmen den Kurs als Erg\u00e4nzung zu einem Geburtsvorbereitungskurs im Krankenhaus und jetzt kann ich mir nicht vorstellen, dass ich mich ohne Stephanies Klasse so gut vorbereitet f\u00fchle. Sie schrieb uns auch einige super hilfreiche Ressourcen im Anschluss an den Kurs und bot an, f\u00fcr weitere Fragen zur Verf\u00fcgung zu bleiben.<\/blockquote><\/div>\n<\/div><\/div><\/div><\/div><div class=\"vc_row-full-width vc_clearfix\"><\/div><!-- Row Backgrounds --><div class=\"upb_color\" data-bg-override=\"full\" data-bg-color=\"\" data-fadeout=\"\" data-fadeout-percentage=\"30\" data-parallax-content=\"\" data-parallax-content-sense=\"30\" data-row-effect-mobile-disable=\"true\" data-img-parallax-mobile-disable=\"true\" data-rtl=\"false\"  data-custom-vc-row=\"\"  data-vc=\"8.7.2\"  data-is_old_vc=\"\"  data-theme-support=\"\"   data-overlay=\"false\" data-overlay-color=\"\" data-overlay-pattern=\"\" data-overlay-pattern-opacity=\"\" data-overlay-pattern-size=\"\"    ><\/div><div data-vc-full-width=\"true\" data-vc-full-width-temp=\"true\" data-vc-full-width-init=\"false\" class=\"vc_row wpb_row vc_row-fluid vc_row-o-content-middle vc_row-flex\"><div class=\"wpb_column vc_column_container vc_col-sm-8\"><div class=\"vc_column-inner\"><div class=\"wpb_wrapper\">\n\t<div class=\"wpb_text_column wpb_content_element\" >\n\t\t<div class=\"wpb_wrapper\">\n\t\t\t<p>W\u00e4hrend dieses umfangreichen Workshops lernst Du alles, was Du schon immer \u00fcber Wehen und Geburt wissen wolltest.<\/p>\n\n\t\t<\/div>\n\t<\/div>\n<div class=\"vc_btn3-container vc_btn3-inline vc_do_btn\" ><a style=\"background-color:#f5ded5; color:#666666;\" class=\"vc_general vc_btn3 vc_btn3-size-md vc_btn3-shape-square vc_btn3-style-custom\" href=\"\/services\/class-schedule\/\" title=\"\">Kursplan<\/a><\/div><\/div><\/div><\/div><div class=\"wpb_column vc_column_container vc_col-sm-4\"><div class=\"vc_column-inner\"><div class=\"wpb_wrapper\">\n\t<div  class=\"wpb_single_image wpb_content_element vc_align_left wpb_content_element\">\n\t\t\n\t\t<figure class=\"wpb_wrapper vc_figure\">\n\t\t\t<div class=\"vc_single_image-wrapper   vc_box_border_grey\"><img decoding=\"async\" class=\"vc_single_image-img \" src=\"https:\/\/www.thenewyorkdoula.com\/wp-content\/uploads\/2017\/11\/NYdoula-childbirth-class-1024x679-350x350.jpg\" width=\"350\" height=\"350\" alt=\"NYdoula-childbirth-class-1024x679\" title=\"NYdoula-childbirth-class-1024x679\" loading=\"lazy\" \/><\/div>\n\t\t<\/figure>\n\t<\/div>\n<\/div><\/div><\/div><\/div><div class=\"vc_row-full-width vc_clearfix\"><\/div><!-- Row Backgrounds --><div class=\"upb_color\" data-bg-override=\"0\" data-bg-color=\"#ffffff\" data-fadeout=\"\" data-fadeout-percentage=\"30\" data-parallax-content=\"\" data-parallax-content-sense=\"30\" data-row-effect-mobile-disable=\"true\" data-img-parallax-mobile-disable=\"true\" data-rtl=\"false\"  data-custom-vc-row=\"\"  data-vc=\"8.7.2\"  data-is_old_vc=\"\"  data-theme-support=\"\"   data-overlay=\"false\" data-overlay-color=\"\" data-overlay-pattern=\"\" data-overlay-pattern-opacity=\"\" data-overlay-pattern-size=\"\"    ><\/div><div data-vc-full-width=\"true\" data-vc-full-width-temp=\"true\" data-vc-full-width-init=\"false\" class=\"vc_row wpb_row vc_row-fluid light-pink-row\"><div class=\"wpb_column vc_column_container vc_col-sm-12\"><div class=\"vc_column-inner\"><div class=\"wpb_wrapper\">\n\t<div class=\"wpb_text_column wpb_content_element\" >\n\t\t<div class=\"wpb_wrapper\">\n\t\t\t<h3>Inhalte des New York Baby Geburtsvorbereitungskurses<\/h3>\n<table>\n<tbody>\n<tr>\n<td>\n<ul>\n<li style=\"text-align: left;\">Die 10 Anzeichen der Geburt und wie Sie entspannt lange zu Hause bleiben k\u00f6nnen (dies empfehlen die Kliniken, da diese eine Schwangere erst in &#8222;active labor&#8220; aufnehmen)<\/li>\n<li style=\"text-align: left;\">Und Action: Wie Sie die Geb\u00e4rphasen vereinfachen<\/li>\n<li style=\"text-align: left;\">Welche Rolle Ihr Gehirn beim Geb\u00e4ren spielt (man glaubt es kaum: eine grosse!)<\/li>\n<li style=\"text-align: left;\">Ja, es stimmt: Wir werden atmen &#8211; und zwar ordentlich viel! Sie erlernen die besten Techniken f\u00fcr jede Phase der Geburt<\/li>\n<li style=\"text-align: left;\">20 Arten, wie Sie Ihre Schmerzgrenze w\u00e4hrend der Geburt erh\u00f6hen<\/li>\n<li style=\"text-align: left;\">Kraftvolle Techniken und \u00dcbungen, um Wehen zu simulieren<\/li>\n<li style=\"text-align: left;\">Lernen Sie, wie Ihnen Ihr\/e Partner\/In helfen kann<\/li>\n<li style=\"text-align: left;\">Nat\u00fcrliche Geburt vs. Epidural-Analgesie &#8211; warum genau gehen die Meinungen hier auseinander?<\/li>\n<li style=\"text-align: left;\">Wie Sie f\u00fcr Ihre Geburt angemessene Ziele setzen<\/li>\n<li style=\"text-align: left;\">Warum ein Geburtsplan nicht nur eine gute Idee, sondern der Schl\u00fcssel zu einer erfreulichen Geburtserfahrung ist und wie Sie diesen schreiben (vielleicht reicht sogar schon ein Satz!)<\/li>\n<li style=\"text-align: left;\">Lernen Sie die Protokolle und Prozeduren der Krankenh\u00e4user zu navigieren<\/li>\n<\/ul>\n<\/td>\n<td>\n<ul>\n<li style=\"text-align: left;\">Wann und wie Sie nein sagen, wenn Ihnen Interventionen vorgeschlagen werden<\/li>\n<li style=\"text-align: left;\">Die 3 wichtigsten Dinge, die Sie tun sollten, um einen Dammriss zu vermeiden<\/li>\n<li style=\"text-align: left;\">Was bedeutet &#8222;pressen&#8220; wirklich<\/li>\n<li style=\"text-align: left;\">Wie Ihre Kleine\/Ihr Kleiner aktiv bei der Geburt hilft<\/li>\n<li style=\"text-align: left;\">Die ersten zwei Stunden nach der Geburt und wie Sie bei aller Aufregung f\u00fcr Ruhe sorgen<\/li>\n<li style=\"text-align: left;\">10 Dinge \u00fcbers Stillen, die Sie wahrscheinlich nicht wussten<\/li>\n<li style=\"text-align: left;\">Diese Verbindung ist unzertrennlich: Ihr Geburtverlauf und wie gesund Ihr Baby danach sein wird<\/li>\n<li style=\"text-align: left;\">Stillen &#8211; Sie erhalten ein umfassendes Infoblatt mit FAQs rund um das Stillen<\/li>\n<li style=\"text-align: left;\">Schaffen Sie sich Klarheit dar\u00fcber, wie die Wochen nach der Geburt aussehen werden &#8211; und \u00fcberzeugen Sie sich davon, dass Sie gro\u00dfartig sein k\u00f6nnen (genauso wie Ihre Geburt!)<\/li>\n<li style=\"text-align: left;\">Erfahren Sie, wie Sie Probleme beim Stillen vermeiden k\u00f6nnen<\/li>\n<li style=\"text-align: left;\">F\u00fcr die Zeit nach der Geburt stellen wir Ihnen Baby nurses\/Doulas\/Nannies vor, die jederzeit bei Bedarf einspringen k\u00f6nnen<\/li>\n<\/ul>\n<\/td>\n<\/tr>\n<\/tbody>\n<\/table>\n\n\t\t<\/div>\n\t<\/div>\n<\/div><\/div><\/div><\/div><div class=\"vc_row-full-width vc_clearfix\"><\/div><!-- Row Backgrounds --><div class=\"upb_color\" data-bg-override=\"0\" data-bg-color=\"\" data-fadeout=\"\" data-fadeout-percentage=\"30\" data-parallax-content=\"\" data-parallax-content-sense=\"30\" data-row-effect-mobile-disable=\"true\" data-img-parallax-mobile-disable=\"true\" data-rtl=\"false\"  data-custom-vc-row=\"\"  data-vc=\"8.7.2\"  data-is_old_vc=\"\"  data-theme-support=\"\"   data-overlay=\"false\" data-overlay-color=\"\" data-overlay-pattern=\"\" data-overlay-pattern-opacity=\"\" data-overlay-pattern-size=\"\"    ><\/div><div data-vc-full-width=\"true\" data-vc-full-width-temp=\"true\" data-vc-full-width-init=\"false\" class=\"vc_row wpb_row vc_row-fluid vc_row-o-content-middle vc_row-flex\"><div class=\"wpb_column vc_column_container vc_col-sm-8\"><div class=\"vc_column-inner\"><div class=\"wpb_wrapper\">\n\t<div class=\"wpb_text_column wpb_content_element\" >\n\t\t<div class=\"wpb_wrapper\">\n\t\t\t<p style=\"text-align: center;\">Du bist an einem privaten Kurs interessiert?<br \/>\nDann schicke uns eine Mail und wir erstellen Dir ein Angebot: <a href=\"mailto:info@thenewyorkbaby.com\">info@thenewyorkbaby.com<\/a><\/p>\n\n\t\t<\/div>\n\t<\/div>\n<\/div><\/div><\/div><div class=\"wpb_column vc_column_container vc_col-sm-4\"><div class=\"vc_column-inner\"><div class=\"wpb_wrapper\">\n\t<div  class=\"wpb_single_image wpb_content_element vc_align_left wpb_content_element\">\n\t\t\n\t\t<figure class=\"wpb_wrapper vc_figure\">\n\t\t\t<div class=\"vc_single_image-wrapper   vc_box_border_grey\"><img decoding=\"async\" class=\"vc_single_image-img \" src=\"https:\/\/www.thenewyorkdoula.com\/wp-content\/uploads\/2017\/11\/NYdoula-trainning-3-1024x679-350x350.jpg\" width=\"350\" height=\"350\" alt=\"NYdoula-trainning-3-1024x679\" title=\"NYdoula-trainning-3-1024x679\" loading=\"lazy\" \/><\/div>\n\t\t<\/figure>\n\t<\/div>\n<\/div><\/div><\/div><\/div><div class=\"vc_row-full-width vc_clearfix\"><\/div><!-- Row Backgrounds --><div class=\"upb_color\" data-bg-override=\"0\" data-bg-color=\"#ffffff\" data-fadeout=\"\" data-fadeout-percentage=\"30\" data-parallax-content=\"\" data-parallax-content-sense=\"30\" data-row-effect-mobile-disable=\"true\" data-img-parallax-mobile-disable=\"true\" data-rtl=\"false\"  data-custom-vc-row=\"\"  data-vc=\"8.7.2\"  data-is_old_vc=\"\"  data-theme-support=\"\"   data-overlay=\"false\" data-overlay-color=\"\" data-overlay-pattern=\"\" data-overlay-pattern-opacity=\"\" data-overlay-pattern-size=\"\"    ><\/div>\n<\/div>","protected":false},"excerpt":{"rendered":"Geburtskurse in New YorkWei\u00df ihr Partner\/Ihre Partnerin wie er\/sie sich bei der Geburt verhalten soll? Die Antwort ist eher verhalten selbstbewusst? Dann nehmen Sie doch lieber<span class=\"excerpt-hellip\"> [\u2026]<\/span>","protected":false},"author":1,"featured_media":0,"parent":2833,"menu_order":0,"comment_status":"closed","ping_status":"closed","template":"","meta":{"_acf_changed":false,"footnotes":""},"class_list":["post-2849","page","type-page","status-publish","hentry"],"acf":[],"aioseo_notices":[],"_links":{"self":[{"href":"https:\/\/www.thenewyorkdoula.com\/de\/wp-json\/wp\/v2\/pages\/2849","targetHints":{"allow":["GET"]}}],"collection":[{"href":"https:\/\/www.thenewyorkdoula.com\/de\/wp-json\/wp\/v2\/pages"}],"about":[{"href":"https:\/\/www.thenewyorkdoula.com\/de\/wp-json\/wp\/v2\/types\/page"}],"author":[{"embeddable":true,"href":"https:\/\/www.thenewyorkdoula.com\/de\/wp-json\/wp\/v2\/users\/1"}],"replies":[{"embeddable":true,"href":"https:\/\/www.thenewyorkdoula.com\/de\/wp-json\/wp\/v2\/comments?post=2849"}],"version-history":[{"count":4,"href":"https:\/\/www.thenewyorkdoula.com\/de\/wp-json\/wp\/v2\/pages\/2849\/revisions"}],"predecessor-version":[{"id":6881,"href":"https:\/\/www.thenewyorkdoula.com\/de\/wp-json\/wp\/v2\/pages\/2849\/revisions\/6881"}],"up":[{"embeddable":true,"href":"https:\/\/www.thenewyorkdoula.com\/de\/wp-json\/wp\/v2\/pages\/2833"}],"wp:attachment":[{"href":"https:\/\/www.thenewyorkdoula.com\/de\/wp-json\/wp\/v2\/media?parent=2849"}],"curies":[{"name":"wp","href":"https:\/\/api.w.org\/{rel}","templated":true}]}}