{"id":2856,"date":"2018-01-08T22:50:40","date_gmt":"2018-01-08T22:50:40","guid":{"rendered":"https:\/\/www.thenewyorkdoula.com\/services\/postpartum-doula-services\/"},"modified":"2026-02-06T23:21:36","modified_gmt":"2026-02-06T23:21:36","slug":"doula-betreuung-nach-der-geburt","status":"publish","type":"page","link":"https:\/\/www.thenewyorkdoula.com\/de\/leistungen\/doula-betreuung-nach-der-geburt\/","title":{"rendered":"Doula-Betreuung nach der Geburt"},"content":{"rendered":"<div class=\"wpb-content-wrapper\"><div data-vc-full-width=\"true\" data-vc-full-width-temp=\"true\" data-vc-full-width-init=\"false\" class=\"vc_row wpb_row vc_row-fluid pink-row\"><div class=\"wpb_column vc_column_container vc_col-sm-12\"><div class=\"vc_column-inner\"><div class=\"wpb_wrapper\"><h2 style=\"text-align: left\" class=\"vc_custom_heading vc_do_custom_heading vc_custom_1527005285399\" >Doula-Betreuung nach der Geburt<\/h2><div class=\"vc_row wpb_row vc_inner vc_row-fluid vc_column-gap-5 vc_row-o-content-top vc_row-flex\"><div class=\"wpb_column vc_column_container vc_col-sm-4\"><div class=\"vc_column-inner\"><div class=\"wpb_wrapper\">\n\t<div  class=\"wpb_single_image wpb_content_element vc_align_left wpb_content_element\">\n\t\t\n\t\t<figure class=\"wpb_wrapper vc_figure\">\n\t\t\t<div class=\"vc_single_image-wrapper   vc_box_border_grey\"><img decoding=\"async\" class=\"vc_single_image-img \" src=\"https:\/\/www.thenewyorkdoula.com\/wp-content\/uploads\/2018\/01\/NYdoula-class-2-624x413-350x350.jpg\" width=\"350\" height=\"350\" alt=\"NYdoula-class-2-624x413\" title=\"NYdoula-class-2-624x413\" loading=\"lazy\" \/><\/div>\n\t\t<\/figure>\n\t<\/div>\n<\/div><\/div><\/div><div class=\"wpb_column vc_column_container vc_col-sm-4\"><div class=\"vc_column-inner\"><div class=\"wpb_wrapper\">\n\t<div  class=\"wpb_single_image wpb_content_element vc_align_left wpb_content_element\">\n\t\t\n\t\t<figure class=\"wpb_wrapper vc_figure\">\n\t\t\t<div class=\"vc_single_image-wrapper   vc_box_border_grey\"><img decoding=\"async\" class=\"vc_single_image-img \" src=\"https:\/\/www.thenewyorkdoula.com\/wp-content\/uploads\/2017\/11\/NYdoula-tranning-1024x679-350x350.jpg\" width=\"350\" height=\"350\" alt=\"NYdoula-tranning-1024x679\" title=\"NYdoula-tranning-1024x679\" loading=\"lazy\" \/><\/div>\n\t\t<\/figure>\n\t<\/div>\n<\/div><\/div><\/div><div class=\"wpb_column vc_column_container vc_col-sm-4\"><div class=\"vc_column-inner\"><div class=\"wpb_wrapper\">\n\t<div  class=\"wpb_single_image wpb_content_element vc_align_left wpb_content_element\">\n\t\t\n\t\t<figure class=\"wpb_wrapper vc_figure\">\n\t\t\t<div class=\"vc_single_image-wrapper   vc_box_border_grey\"><img decoding=\"async\" class=\"vc_single_image-img \" src=\"https:\/\/www.thenewyorkdoula.com\/wp-content\/uploads\/2018\/01\/NYdoula-class-3-624x413-350x350.jpg\" width=\"350\" height=\"350\" alt=\"NYdoula-class-3-624x413\" title=\"NYdoula-class-3-624x413\" loading=\"lazy\" \/><\/div>\n\t\t<\/figure>\n\t<\/div>\n<\/div><\/div><\/div><\/div><\/div><\/div><\/div><\/div><div class=\"vc_row-full-width vc_clearfix\"><\/div><!-- Row Backgrounds --><div class=\"upb_color\" data-bg-override=\"0\" data-bg-color=\"\" data-fadeout=\"\" data-fadeout-percentage=\"30\" data-parallax-content=\"\" data-parallax-content-sense=\"30\" data-row-effect-mobile-disable=\"true\" data-img-parallax-mobile-disable=\"true\" data-rtl=\"false\"  data-custom-vc-row=\"\"  data-vc=\"8.7.2\"  data-is_old_vc=\"\"  data-theme-support=\"\"   data-overlay=\"false\" data-overlay-color=\"\" data-overlay-pattern=\"\" data-overlay-pattern-opacity=\"\" data-overlay-pattern-size=\"\"    ><\/div><div data-vc-full-width=\"true\" data-vc-full-width-temp=\"true\" data-vc-full-width-init=\"false\" class=\"vc_row wpb_row vc_row-fluid light-pink-row\"><div class=\"wpb_column vc_column_container vc_col-sm-12\"><div class=\"vc_column-inner\"><div class=\"wpb_wrapper\">\n\t<div class=\"wpb_text_column wpb_content_element\" >\n\t\t<div class=\"wpb_wrapper\">\n\t\t\t<h3>Was kann ich unter einer postpartum Doula nach der Geburt verstehen?<\/h3>\n<p>Eine Doula, die nach der Geburt gebucht wird, ist eine Spezialistin f\u00fcr die Wochen nach der Entbindung. Sie hilft M\u00fcttern, V\u00e4tern und Partnern\/Partnerinnen und Familien, sich im neuen Alltag mit dem Baby einzuspielen. Die Leistungen der Doula nach der Geburt umfassen gew\u00f6hnlich 3-6 Stunden im Rahmen eines Hausbesuchs am Tag oder 10+ Stunden im Rahmen eines Hausbesuchs \u00fcber Nacht. Du kannst aber auch ein Paket mit 20, 50 oder 100 Stunden (und nat\u00fcrlich alles dazwischen) buchen. In <a href=\"https:\/\/doc2me.co\/posts\/8wif93cdo\">diesem kurzen Video<\/a> findest Du die verschiedenen Arten von Wochenbett-Betreuung erklaert.<\/p>\n<p>Lerne unsere Doulas <a href=\"https:\/\/www.thenewyorkdoula.com\/about\/meet-the-doulas-and-baby-specialists\/\">HIER<\/a> kennen!<\/p>\n<p>Die Serviceleistungen Ihrer Doula nach der Geburt umfassen:<\/p>\n<ul>\n<li>Unterst\u00fctzung beim Stillen<\/li>\n<li>Postnatale Pflege der Mutter<\/li>\n<li>Einbindung des Partners<\/li>\n<li>Neugeborenenpflege und Schulung, Techniken zur Beruhigung Ihres Babys und Tragetipps<\/li>\n<li>Kochen, Snacks vorbereiten und Information zur Ern\u00e4hrung nach der Geburt<\/li>\n<li>Leichte Haushaltsf\u00fchrung und Aufpassen auf Geschwister<\/li>\n<li>Screening f\u00fcr postpartale Depression<\/li>\n<li>Weitere Empfehlungen f\u00fcr Kurse\/Unterst\u00fctzung in der Gegend<\/li>\n<li>Empfehlung einer Stillberaterin, falls ein klinischer Hausbesuch notwendig ist<\/li>\n<\/ul>\n<p>Es geht nur um Dich und Euer Baby!<\/p>\n\n\t\t<\/div>\n\t<\/div>\n<\/div><\/div><\/div><\/div><div class=\"vc_row-full-width vc_clearfix\"><\/div><!-- Row Backgrounds --><div class=\"upb_color\" data-bg-override=\"0\" data-bg-color=\"\" data-fadeout=\"\" data-fadeout-percentage=\"30\" data-parallax-content=\"\" data-parallax-content-sense=\"30\" data-row-effect-mobile-disable=\"true\" data-img-parallax-mobile-disable=\"true\" data-rtl=\"false\"  data-custom-vc-row=\"\"  data-vc=\"8.7.2\"  data-is_old_vc=\"\"  data-theme-support=\"\"   data-overlay=\"false\" data-overlay-color=\"\" data-overlay-pattern=\"\" data-overlay-pattern-opacity=\"\" data-overlay-pattern-size=\"\"    ><\/div><div data-vc-full-width=\"true\" data-vc-full-width-temp=\"true\" data-vc-full-width-init=\"false\" class=\"vc_row wpb_row vc_row-fluid pink-row\"><div class=\"wpb_column vc_column_container vc_col-sm-12\"><div class=\"vc_column-inner\"><div class=\"wpb_wrapper\">\n\t<div class=\"wpb_text_column wpb_content_element\" >\n\t\t<div class=\"wpb_wrapper\">\n\t\t\t<h3>Deine Doula nach der Geburt wird Dir mit Rat und Tat zur Seite stehen! Mit einer NY Doula nach der Geburt:<\/h3>\n<table border=\"0\">\n<tbody>\n<tr>\n<td>\n<ul>\n<li style=\"text-align: left;\">wirst Du lernen, wie Dein Baby richtig angelegt ist (wenn Du stillst)<\/li>\n<li style=\"text-align: left;\">bekommst Du Tips wie Du wunde Brustwarzen und Infektionen zu vermeidest bzw. behandelts<\/li>\n<li style=\"text-align: left;\">bekommst Du gezeigt, wie Du mit der Flasche f\u00fctterst (wenn Du nicht stillst)<\/li>\n<li style=\"text-align: left;\">wirst Du lernen, wie die Nabelschnur (nun ja- der Rest davon) behandelt werden soll<\/li>\n<li style=\"text-align: left;\">wirst Du erfahren, welche Ver\u00e4nderungen in Deinem Baby zu erwarten sind<\/li>\n<li style=\"text-align: left;\">Partner\/Innen koennen werden nat\u00fcrlich voll mit einbezogen<\/li>\n<li style=\"text-align: left;\">kannst Du Deine Doula anrufen oder ihr texten, um Fragen zu stellen<\/li>\n<li style=\"text-align: left;\">kannst Du Anzeichen postpartaler Depressionen erkennen und Dir rechtzeitig Hilfe suchen. Allerdings ist das Risiko, mit Doula-Unterst\u00fctzung ein eine postpartale Erkrankung zu bekommen, wesentlich niedriger.<\/li>\n<\/ul>\n<\/td>\n<td>\n<ul>\n<li style=\"text-align: left;\">erfaehrst Du, was zu tun ist, wenn Dein Baby Gelbsucht hat<\/li>\n<li style=\"text-align: left;\">gehst Du \u00fcber alle Tips, wie man\u00a0 sich am Besten von einer vaginalen Geburt oder einem Kaiserschnitt erholt<\/li>\n<li style=\"text-align: left;\">wirst Du erfahren, mit welchen k\u00f6rperlichen Ver\u00e4nderungen Du nach der Geburt rechnen musst<\/li>\n<li style=\"text-align: left;\">wirst Du in den Genuss kommen, sich von Deiner Doula bekochen zu lassen<\/li>\n<li style=\"text-align: left;\">wirst Du erfahren, was Du nach der Geburt essen solltest<\/li>\n<li style=\"text-align: left;\">wird Deine Doula ein wenig im Haushalt mithelfen<\/li>\n<li style=\"text-align: left;\">wird sich jemand um \u00e4ltere Geschwister k\u00fcmmern<\/li>\n<li style=\"text-align: left;\">haben Sie eine verl\u00e4ssliche Quelle, wenn Sie eine Empfehlung eines Spezialisten ben\u00f6tigen<\/li>\n<\/ul>\n<\/td>\n<\/tr>\n<\/tbody>\n<\/table>\n\n\t\t<\/div>\n\t<\/div>\n<\/div><\/div><\/div><\/div><div class=\"vc_row-full-width vc_clearfix\"><\/div><!-- Row Backgrounds --><div class=\"upb_color\" data-bg-override=\"0\" data-bg-color=\"\" data-fadeout=\"\" data-fadeout-percentage=\"30\" data-parallax-content=\"\" data-parallax-content-sense=\"30\" data-row-effect-mobile-disable=\"true\" data-img-parallax-mobile-disable=\"true\" data-rtl=\"false\"  data-custom-vc-row=\"\"  data-vc=\"8.7.2\"  data-is_old_vc=\"\"  data-theme-support=\"\"   data-overlay=\"false\" data-overlay-color=\"\" data-overlay-pattern=\"\" data-overlay-pattern-opacity=\"\" data-overlay-pattern-size=\"\"    ><\/div><div data-vc-full-width=\"true\" data-vc-full-width-temp=\"true\" data-vc-full-width-init=\"false\" class=\"vc_row wpb_row vc_row-fluid light-pink-row\"><div class=\"wpb_column vc_column_container vc_col-sm-12\"><div class=\"vc_column-inner\"><div class=\"wpb_wrapper\">\n\t<div class=\"wpb_text_column wpb_content_element\" >\n\t\t<div class=\"wpb_wrapper\">\n\t\t\t<p>Was auch immer Ihre Pl\u00e4ne f\u00fcr die Wochen nach der Geburt sind, wir sind f\u00fcr Sie erreichbar! Kontaktieren Sie Stephanie unter <a href=\"mailto:info@thenewyorkbaby.com\">info@thenewyorkbaby.com<\/a> und erkundigen Sie sich nach Raten und Angeboten!<\/p>\n\n\t\t<\/div>\n\t<\/div>\n<\/div><\/div><\/div><\/div><div class=\"vc_row-full-width vc_clearfix\"><\/div><!-- Row Backgrounds --><div class=\"upb_color\" data-bg-override=\"0\" data-bg-color=\"\" data-fadeout=\"\" data-fadeout-percentage=\"30\" data-parallax-content=\"\" data-parallax-content-sense=\"30\" data-row-effect-mobile-disable=\"true\" data-img-parallax-mobile-disable=\"true\" data-rtl=\"false\"  data-custom-vc-row=\"\"  data-vc=\"8.7.2\"  data-is_old_vc=\"\"  data-theme-support=\"\"   data-overlay=\"false\" data-overlay-color=\"\" data-overlay-pattern=\"\" data-overlay-pattern-opacity=\"\" data-overlay-pattern-size=\"\"    ><\/div>\n<\/div>","protected":false},"excerpt":{"rendered":"Doula-Betreuung nach der Geburt Was kann ich unter einer postpartum Doula nach der Geburt verstehen? Eine Doula, die nach der Geburt gebucht wird, ist eine Spezialistin<span class=\"excerpt-hellip\"> [\u2026]<\/span>","protected":false},"author":1,"featured_media":0,"parent":2833,"menu_order":0,"comment_status":"closed","ping_status":"closed","template":"","meta":{"_acf_changed":false,"footnotes":""},"class_list":["post-2856","page","type-page","status-publish","hentry"],"acf":[],"aioseo_notices":[],"_links":{"self":[{"href":"https:\/\/www.thenewyorkdoula.com\/de\/wp-json\/wp\/v2\/pages\/2856","targetHints":{"allow":["GET"]}}],"collection":[{"href":"https:\/\/www.thenewyorkdoula.com\/de\/wp-json\/wp\/v2\/pages"}],"about":[{"href":"https:\/\/www.thenewyorkdoula.com\/de\/wp-json\/wp\/v2\/types\/page"}],"author":[{"embeddable":true,"href":"https:\/\/www.thenewyorkdoula.com\/de\/wp-json\/wp\/v2\/users\/1"}],"replies":[{"embeddable":true,"href":"https:\/\/www.thenewyorkdoula.com\/de\/wp-json\/wp\/v2\/comments?post=2856"}],"version-history":[{"count":5,"href":"https:\/\/www.thenewyorkdoula.com\/de\/wp-json\/wp\/v2\/pages\/2856\/revisions"}],"predecessor-version":[{"id":7376,"href":"https:\/\/www.thenewyorkdoula.com\/de\/wp-json\/wp\/v2\/pages\/2856\/revisions\/7376"}],"up":[{"embeddable":true,"href":"https:\/\/www.thenewyorkdoula.com\/de\/wp-json\/wp\/v2\/pages\/2833"}],"wp:attachment":[{"href":"https:\/\/www.thenewyorkdoula.com\/de\/wp-json\/wp\/v2\/media?parent=2856"}],"curies":[{"name":"wp","href":"https:\/\/api.w.org\/{rel}","templated":true}]}}