{"id":2991,"date":"2017-12-12T21:26:05","date_gmt":"2017-12-12T21:26:05","guid":{"rendered":"https:\/\/www.thenewyorkdoula.com\/ueber-uns\/press\/"},"modified":"2019-07-15T18:38:44","modified_gmt":"2019-07-15T18:38:44","slug":"presse","status":"publish","type":"page","link":"https:\/\/www.thenewyorkdoula.com\/de\/ueber-uns\/presse\/","title":{"rendered":"Presse"},"content":{"rendered":"<div class=\"wpb-content-wrapper\"><div data-vc-full-width=\"true\" data-vc-full-width-temp=\"true\" data-vc-full-width-init=\"false\" class=\"vc_row wpb_row vc_row-fluid pink-row\"><div class=\"wpb_column vc_column_container vc_col-sm-12\"><div class=\"vc_column-inner\"><div class=\"wpb_wrapper\"><h2 style=\"text-align: left\" class=\"vc_custom_heading vc_do_custom_heading vc_custom_1534957338561\" >Presse<\/h2><\/div><\/div><\/div><\/div><div class=\"vc_row-full-width vc_clearfix\"><\/div><!-- Row Backgrounds --><div class=\"upb_color\" data-bg-override=\"0\" data-bg-color=\"\" data-fadeout=\"\" data-fadeout-percentage=\"30\" data-parallax-content=\"\" data-parallax-content-sense=\"30\" data-row-effect-mobile-disable=\"true\" data-img-parallax-mobile-disable=\"true\" data-rtl=\"false\"  data-custom-vc-row=\"\"  data-vc=\"8.7.2\"  data-is_old_vc=\"\"  data-theme-support=\"\"   data-overlay=\"false\" data-overlay-color=\"\" data-overlay-pattern=\"\" data-overlay-pattern-opacity=\"\" data-overlay-pattern-size=\"\"    ><\/div><div data-vc-full-width=\"true\" data-vc-full-width-temp=\"true\" data-vc-full-width-init=\"false\" class=\"vc_row wpb_row vc_row-fluid blue-row\"><div class=\"top-left-col-video wpb_column vc_column_container vc_col-sm-4\"><div class=\"vc_column-inner\"><div class=\"wpb_wrapper\"><div class=\"list_item lists_3 clearfix\"><div class=\"list_left list_icon\"><i class=\"icon-picture\" aria-hidden=\"true\"><\/i><\/div><div class=\"list_right\"><div class=\"desc\"><\/p>\n<div style=\"width: 100%; position: relative; background: #000;\"><iframe loading=\"lazy\" src=\"https:\/\/www.youtube.com\/embed\/IkmGqlD1ZHI\" width=\"100%\" height=\"auto\" frameborder=\"0\" allowfullscreen=\"allowfullscreen\"><\/iframe><\/div>\n<h4>Wie Sie zu Ihrer Traum-Geburt kommen<\/h4>\n<p>Unser gemeinsamer Weg zur guten Geburt beginnt so fr\u00fch, wie Sie es sich w\u00fcnschen \u2013 ganz gleich, ob Sie sich f\u00fcr Begleitung in der 6. oder 36. Woche entscheiden. Ohne Brimborium ist es unser Ziel, Sie auf die Schwangerschaft, die Entbindung und die Zeit nach der Geburt vorzubereiten, so dass Sie sich stark, entspannt und selbstbewusst f\u00fchlen \u2013 f\u00fcr die Geburt, die Sie sich w\u00fcnschen. Sie erhalten von uns s\u00e4mtliche Informationen und Kurse zum Thema Schwangerschaft, Geburt und Wochenbett. Sie ben\u00f6tigen also keine unterschiedlichen Ansprechpartner, sondern bekommen alles aus einer Hand: Ein personalisiertes Programm, individ\u00fcll auf Ihre Bed\u00fcrfnisse und W\u00fcnsche abgestimmt.<br \/>\n<\/div><\/div><\/div>\n<\/div><\/div><\/div><div class=\"wpb_column vc_column_container vc_col-sm-4\"><div class=\"vc_column-inner\"><div class=\"wpb_wrapper\"><div class=\"list_item lists_3 clearfix\"><a href=\"http:\/\/www.spiegel.de\/gesundheit\/schwangerschaft\/deutsche-hebamme-in-new-york-im-gesundheitssystem-nicht-vorgesehen-a-1242462.html\" target=\"_blank\"><div class=\"list_left list_image\"><img loading=\"lazy\" decoding=\"async\" src=\"https:\/\/www.thenewyorkdoula.com\/wp-content\/uploads\/2018\/12\/Spiegel-Online.jpg\" class=\"scale-with-grid\" alt=\"Spiegel Online\" width=\"850\" height=\"592\"\/><\/div><div class=\"list_right\"><h4 class=\"title \">Im Land ohne Hebammen (Juli 2018)<\/h4><div class=\"desc\">Vor dem gro\u00dfen Glasfenster liegen die Hausd\u00e4cher Brooklyns unter einer dichten Wolkendecke. Lauren setzt sich auf das graue Sofa ihrer Wohnung und dr\u00fcckt Stephanie Heintzeler den kleinen Elliot in den Arm. Er ist 13 Wochen alt, tr\u00e4gt einen hellblauen Strampler und gluckst vergn\u00fcgt. &#8222;Die einzelnen Stilleinheiten werden jetzt k\u00fcrzer, oder?&#8220; fragt Lauren. &#8222;Ja genau&#8220;, antwortet Heintzeler, &#8222;15 Minuten reichen v\u00f6llig aus, manchmal sogar nur f\u00fcnf.&#8220;<br \/>\n<\/div><\/div><\/a><\/div>\n<\/div><\/div><\/div><div class=\"wpb_column vc_column_container vc_col-sm-4\"><div class=\"vc_column-inner\"><div class=\"wpb_wrapper\"><div class=\"list_item lists_3 clearfix\"><a href=\"https:\/\/achildgrows.com\/blog\/2015\/05\/meet-the-new-york-doula-stephanie-heintzeler\/\" target=\"_blank\"><div class=\"list_left list_image\"><img loading=\"lazy\" decoding=\"async\" src=\"https:\/\/www.thenewyorkdoula.com\/wp-content\/uploads\/2017\/12\/edit1.jpg\" class=\"scale-with-grid\" alt=\"edit1\" width=\"642\" height=\"605\"\/><\/div><div class=\"list_right\"><h4 class=\"title \">Treffen The New York Doula: Stephanie Heintzeler (Mai 2015)<\/h4><div class=\"desc\">Wir haben uns mit Stephanie Heintzeler, auch bekannt als The New York Doula und Gr\u00fcnder des Doula Concierge, zusammen gesetzt. Stephanie wurde in NYC geboren und wuchs in Deutschland auf, wo sie eine Hebamme und Akupunkteurin war. Sie kam nach New York zur\u00fcck, wo sie als Geburts und postpartum Doula und sp\u00e4ter als Laktationsberaterin (Stillberaterin oder IBCLC) zertifiziert wurde. Sie hat Hunderte von werdenden Eltern in Brooklyn und Manhattan als Geburts- und postpartale Doula unterst\u00fctzt und \u00fcber 1200 Babys auf die Welt geholfen!<\/div><\/div><\/a><\/div>\n<\/div><\/div><\/div><\/div><div class=\"vc_row-full-width vc_clearfix\"><\/div><div data-vc-full-width=\"true\" data-vc-full-width-temp=\"true\" data-vc-full-width-init=\"false\" class=\"vc_row wpb_row vc_row-fluid blue-row\"><div class=\"wpb_column vc_column_container vc_col-sm-4\"><div class=\"vc_column-inner\"><div class=\"wpb_wrapper\"><div class=\"list_item lists_3 clearfix\"><a href=\"https:\/\/www.thenewyorkdoula.com\/wp-content\/uploads\/2018\/03\/TZ-Muenchen.jpg\" target=\"_blank\"><div class=\"list_left list_image\"><img loading=\"lazy\" decoding=\"async\" src=\"https:\/\/www.thenewyorkdoula.com\/wp-content\/uploads\/2017\/12\/TZ_Logo.svg.png\" class=\"scale-with-grid\" alt=\"TZ_Logo.svg\" width=\"1200\" height=\"1553\"\/><\/div><div class=\"list_right\"><h4 class=\"title \">Die NY-Hebamme (Februar 2015)<\/h4><div class=\"desc\">Ich bin in New York geboren und in Frankfurt aufgewachsen. Nach dem Hebammenexamen zog es mich 2003 wieder zuru\u0308ck in diese Wahnsinnsstadt \u2013 mit zwei Koffern, ohne Job und im Wissen, dass meine Ausbildung in Amerika nicht anerkannt wird. Egal, Hauptsache New York. Manhattan statt Mainhattan! In den USA hei\u00dft eine Hebamme Doula\u2026<\/div><\/div><\/a><\/div>\n<\/div><\/div><\/div><div class=\"wpb_column vc_column_container vc_col-sm-4\"><div class=\"vc_column-inner\"><div class=\"wpb_wrapper\"><div class=\"list_item lists_3 clearfix\"><a href=\"http:\/\/www.wochenanzeiger-muenchen.de\/redaktion\/lokalredaktion-muenchen\/familie\/Es+muss+eine+Berufung+sein_44797.html\" target=\"_blank\"><div class=\"list_left list_image\"><img loading=\"lazy\" decoding=\"async\" src=\"https:\/\/www.thenewyorkdoula.com\/wp-content\/uploads\/2017\/12\/muenchner-wochenanzeiger.png\" class=\"scale-with-grid\" alt=\"muenchner-wochenanzeiger\" width=\"644\" height=\"652\"\/><\/div><div class=\"list_right\"><h4 class=\"title \">Es muss eine Berufung sein (Mai 2012)<\/h4><div class=\"desc\">Am 5. Mai ist der Internationale Hebammentag, der seit 1991 in mittlerweile mehr als 50 L\u00e4ndern begangen wird. Dieses Jahr steht er in Deutschland unter dem Motto: \u201cHebammen wissen Bescheid\u201d. Damit verweist der Deutsche Hebammenverband auf die Unverzichtbarkeit der rund 18.000 Hebammen im Land<\/div><\/div><\/a><\/div>\n<\/div><\/div><\/div><div class=\"wpb_column vc_column_container vc_col-sm-4\"><div class=\"vc_column-inner\"><div class=\"wpb_wrapper\"><div class=\"list_item lists_3 clearfix\"><a href=\"https:\/\/www.thenewyorkdoula.com\/wp-content\/uploads\/2018\/03\/bild_bericht09122011.pdf\" target=\"_blank\"><div class=\"list_left list_image\"><img loading=\"lazy\" decoding=\"async\" src=\"https:\/\/www.thenewyorkdoula.com\/wp-content\/uploads\/2017\/12\/blid.jpg\" class=\"scale-with-grid\" alt=\"blid\" width=\"512\" height=\"512\"\/><\/div><div class=\"list_right\"><h4 class=\"title \">Baby-Boom in M\u00fcnchen (Dezember 2011)<\/h4><div class=\"desc\">Ne\u00fcr Baby-Rekord in M\u00fcnchen! Dieses Jahr werden hier mehr als 19000 Babys zur Welt kommen!, ist sich Gerhardt Wirsing, Leiter des st\u00e4dtischen Geburtenb\u00fcros sicher. Bundesweit gehen die Zahlen st\u00e4ndig zur\u00fcck \u2013 M\u00fcnchen legt kr\u00e4ftig zu. Der Grund: Die guten Geburts-Kliniken<\/div><\/div><\/a><\/div>\n<\/div><\/div><\/div><\/div><div class=\"vc_row-full-width vc_clearfix\"><\/div><div data-vc-full-width=\"true\" data-vc-full-width-temp=\"true\" data-vc-full-width-init=\"false\" class=\"vc_row wpb_row vc_row-fluid blue-row\"><div class=\"wpb_column vc_column_container vc_col-sm-4\"><div class=\"vc_column-inner\"><div class=\"wpb_wrapper\"><div class=\"list_item lists_3 clearfix\"><a href=\"https:\/\/www.ch.fem.com\/leben-familie\/Preggie-Pops-Lollis-fuer-Schwangere\" target=\"_blank\"><div class=\"list_left list_image\"><img loading=\"lazy\" decoding=\"async\" src=\"https:\/\/www.thenewyorkdoula.com\/wp-content\/uploads\/2017\/12\/fem.jpg\" class=\"scale-with-grid\" alt=\"fem\" width=\"316\" height=\"316\"\/><\/div><div class=\"list_right\"><h4 class=\"title \">Lollis f\u00fcr Schwangere (April 2011)<\/h4><div class=\"desc\">Die meisten Schwangeren kennen das: ein seltsamer Geruch oder eine Weile nichts gegessen \u2013 und schon wird einem \u00fcbel. Mit den ne\u00fcn, bisher auf dem deutschen Markt einzigartigen \u201cPreggie Pops\u201d sollen \u00dcbelkeit und ein fla\u00fcr Magen nun kein Thema mehr sein.<\/div><\/div><\/a><\/div>\n<\/div><\/div><\/div><div class=\"wpb_column vc_column_container vc_col-sm-4\"><div class=\"vc_column-inner\"><div class=\"wpb_wrapper\"><div class=\"list_item lists_3 clearfix\"><a href=\"http:\/\/www.wochenanzeiger-muenchen.de\/redaktion\/sachthemen\/gesundheitsportal-muenchen\/Ein+Hauch+von+New+York+in+der++Frauenklinik+M%C3%BCnchen+West_29214.html\" target=\"_blank\"><div class=\"list_left list_image\"><img loading=\"lazy\" decoding=\"async\" src=\"https:\/\/www.thenewyorkdoula.com\/wp-content\/uploads\/2017\/12\/muenchner-wochenanzeiger.png\" class=\"scale-with-grid\" alt=\"muenchner-wochenanzeiger\" width=\"644\" height=\"652\"\/><\/div><div class=\"list_right\"><h4 class=\"title \">Ein Hauch von New York in der Fra\u00fcnklinik M\u00fcnchen West (Dezember 2010)<\/h4><div class=\"desc\">Um allen werdenden M\u00fcttern kompetent und liebevoll zu einem gesunden Baby zu verhelfen, hat die Fra\u00fcnklinik M\u00fcnchen West ihr Hebammenteam erweitert: Stephanie Heintzeler \u2013 jung, dynamisch und kosmopolitisch \u2013 hat die meiste Zeit ihres Berufslebens in New York verbracht.<\/div><\/div><\/a><\/div>\n<\/div><\/div><\/div><div class=\"wpb_column vc_column_container vc_col-sm-4\"><div class=\"vc_column-inner\"><div class=\"wpb_wrapper\"><\/div><\/div><\/div><\/div><div class=\"vc_row-full-width vc_clearfix\"><\/div>\n<\/div>","protected":false},"excerpt":{"rendered":"Presse Wie Sie zu Ihrer Traum-Geburt kommen Unser gemeinsamer Weg zur guten Geburt beginnt so fr\u00fch, wie Sie es sich w\u00fcnschen \u2013 ganz gleich, ob Sie<span class=\"excerpt-hellip\"> [\u2026]<\/span>","protected":false},"author":1,"featured_media":0,"parent":2828,"menu_order":0,"comment_status":"closed","ping_status":"closed","template":"","meta":{"_acf_changed":false,"footnotes":""},"class_list":["post-2991","page","type-page","status-publish","hentry"],"acf":[],"aioseo_notices":[],"_links":{"self":[{"href":"https:\/\/www.thenewyorkdoula.com\/de\/wp-json\/wp\/v2\/pages\/2991","targetHints":{"allow":["GET"]}}],"collection":[{"href":"https:\/\/www.thenewyorkdoula.com\/de\/wp-json\/wp\/v2\/pages"}],"about":[{"href":"https:\/\/www.thenewyorkdoula.com\/de\/wp-json\/wp\/v2\/types\/page"}],"author":[{"embeddable":true,"href":"https:\/\/www.thenewyorkdoula.com\/de\/wp-json\/wp\/v2\/users\/1"}],"replies":[{"embeddable":true,"href":"https:\/\/www.thenewyorkdoula.com\/de\/wp-json\/wp\/v2\/comments?post=2991"}],"version-history":[{"count":5,"href":"https:\/\/www.thenewyorkdoula.com\/de\/wp-json\/wp\/v2\/pages\/2991\/revisions"}],"predecessor-version":[{"id":4467,"href":"https:\/\/www.thenewyorkdoula.com\/de\/wp-json\/wp\/v2\/pages\/2991\/revisions\/4467"}],"up":[{"embeddable":true,"href":"https:\/\/www.thenewyorkdoula.com\/de\/wp-json\/wp\/v2\/pages\/2828"}],"wp:attachment":[{"href":"https:\/\/www.thenewyorkdoula.com\/de\/wp-json\/wp\/v2\/media?parent=2991"}],"curies":[{"name":"wp","href":"https:\/\/api.w.org\/{rel}","templated":true}]}}