{"id":3160,"date":"2017-11-22T15:48:01","date_gmt":"2017-11-22T15:48:01","guid":{"rendered":"https:\/\/www.thenewyorkdoula.com\/faqs\/"},"modified":"2019-05-29T19:36:03","modified_gmt":"2019-05-29T19:36:03","slug":"faq","status":"publish","type":"page","link":"https:\/\/www.thenewyorkdoula.com\/de\/faq\/","title":{"rendered":"FAQS"},"content":{"rendered":"<div class=\"wpb-content-wrapper\"><div data-vc-full-width=\"true\" data-vc-full-width-temp=\"true\" data-vc-full-width-init=\"false\" class=\"vc_row wpb_row vc_row-fluid pink-row vc_custom_1520618253707\"><div class=\"wpb_column vc_column_container vc_col-sm-12\"><div class=\"vc_column-inner\"><div class=\"wpb_wrapper\"><h2 style=\"text-align: left\" class=\"vc_custom_heading vc_do_custom_heading vc_custom_1515447890163\" >FAQ<\/h2><div class=\"vc_row wpb_row vc_inner vc_row-fluid vc_custom_1515173746909 vc_column-gap-5 vc_row-o-content-top vc_row-flex\"><div class=\"wpb_column vc_column_container vc_col-sm-4\"><div class=\"vc_column-inner\"><div class=\"wpb_wrapper\">\n\t<div  class=\"wpb_single_image wpb_content_element vc_align_left wpb_content_element\">\n\t\t\n\t\t<figure class=\"wpb_wrapper vc_figure\">\n\t\t\t<div class=\"vc_single_image-wrapper   vc_box_border_grey\"><img decoding=\"async\" class=\"vc_single_image-img \" src=\"https:\/\/www.thenewyorkdoula.com\/wp-content\/uploads\/2017\/11\/NYdoula-mom-with-twin-350x350.jpg\" width=\"350\" height=\"350\" alt=\"NYdoula-mom-with-twin\" title=\"NYdoula-mom-with-twin\" loading=\"lazy\" \/><\/div>\n\t\t<\/figure>\n\t<\/div>\n<\/div><\/div><\/div><div class=\"wpb_column vc_column_container vc_col-sm-4\"><div class=\"vc_column-inner\"><div class=\"wpb_wrapper\">\n\t<div  class=\"wpb_single_image wpb_content_element vc_align_left wpb_content_element\">\n\t\t\n\t\t<figure class=\"wpb_wrapper vc_figure\">\n\t\t\t<div class=\"vc_single_image-wrapper   vc_box_border_grey\"><img decoding=\"async\" class=\"vc_single_image-img \" src=\"https:\/\/www.thenewyorkdoula.com\/wp-content\/uploads\/2017\/11\/NYdoula-tranning-1024x679-350x350.jpg\" width=\"350\" height=\"350\" alt=\"NYdoula-tranning-1024x679\" title=\"NYdoula-tranning-1024x679\" loading=\"lazy\" \/><\/div>\n\t\t<\/figure>\n\t<\/div>\n<\/div><\/div><\/div><div class=\"wpb_column vc_column_container vc_col-sm-4\"><div class=\"vc_column-inner\"><div class=\"wpb_wrapper\">\n\t<div  class=\"wpb_single_image wpb_content_element vc_align_left wpb_content_element\">\n\t\t\n\t\t<figure class=\"wpb_wrapper vc_figure\">\n\t\t\t<div class=\"vc_single_image-wrapper   vc_box_border_grey\"><img decoding=\"async\" class=\"vc_single_image-img \" src=\"https:\/\/www.thenewyorkdoula.com\/wp-content\/uploads\/2017\/11\/NYdoula-childbirth-class-12-350x350.jpg\" width=\"350\" height=\"350\" alt=\"NYdoula-childbirth-class-12\" title=\"NYdoula-childbirth-class-12\" loading=\"lazy\" \/><\/div>\n\t\t<\/figure>\n\t<\/div>\n<\/div><\/div><\/div><\/div><\/div><\/div><\/div><\/div><div class=\"vc_row-full-width vc_clearfix\"><\/div><!-- Row Backgrounds --><div class=\"upb_color\" data-bg-override=\"0\" data-bg-color=\"\" data-fadeout=\"\" data-fadeout-percentage=\"30\" data-parallax-content=\"\" data-parallax-content-sense=\"30\" data-row-effect-mobile-disable=\"true\" data-img-parallax-mobile-disable=\"true\" data-rtl=\"false\"  data-custom-vc-row=\"\"  data-vc=\"8.7.2\"  data-is_old_vc=\"\"  data-theme-support=\"\"   data-overlay=\"false\" data-overlay-color=\"\" data-overlay-pattern=\"\" data-overlay-pattern-opacity=\"\" data-overlay-pattern-size=\"\"    ><\/div><div data-vc-full-width=\"true\" data-vc-full-width-temp=\"true\" data-vc-full-width-init=\"false\" class=\"vc_row wpb_row vc_row-fluid light-pink-row\"><div class=\"wpb_column vc_column_container vc_col-sm-12\"><div class=\"vc_column-inner\"><div class=\"wpb_wrapper\">\n\t<div class=\"wpb_text_column wpb_content_element\" >\n\t\t<div class=\"wpb_wrapper\">\n\t\t\t<h3>K\u00f6nnen wir uns pers\u00f6nlich treffen, bevor wir unsere Doula buchen?<\/h3>\n<p>Ja, alle Doulas bieten ein kostenloses einst\u00fcndiges Treffen an, normalerweise in einem Caf\u00e9, das f\u00fcr Sie beide leicht erreichbar ist.<\/p>\n\n\t\t<\/div>\n\t<\/div>\n\n\t<div class=\"wpb_text_column wpb_content_element\" >\n\t\t<div class=\"wpb_wrapper\">\n\t\t\t<h3>Was kosten die Doulas?<\/h3>\n<p>Jede Doula hat eine andere Rate basierend auf ihren Erfahrungen und Zertifizierungen. Bitte schicken Sie uns <a href=\"mailto:info@thenewyorkbaby.com\">eine email<\/a> f\u00fcr Pakete und Preise.<\/p>\n\n\t\t<\/div>\n\t<\/div>\n\n\t<div class=\"wpb_text_column wpb_content_element\" >\n\t\t<div class=\"wpb_wrapper\">\n\t\t\t<h3>Wie sieht es mit der Erstattung durch meine Krankenkasse aus? ?<\/h3>\n<p>Wenn Sie eine europ\u00e4ische Krankenversicherung haben, wird die Doula-Betreuung in der Regel erstattet, wenn es sich um eine Hebamme aus Europa handelt. US-Krankenkassen erstatten in der Regel nicht. Stillberatung wird in der Regel von der US-Krankenkasse bezahlt &#8211; nach dem Hausbesuch erhalten Sie eine Rechnung, um die Erstattung zu beantragen.<\/p>\n\n\t\t<\/div>\n\t<\/div>\n\n\t<div class=\"wpb_text_column wpb_content_element\" >\n\t\t<div class=\"wpb_wrapper\">\n\t\t\t<h3>Bieten Sie Stillberatung an?<\/h3>\n<p>Ja, Stephanie ist IBCLC (International Board Certified Lactation Consultant). Weitere Informationen zu In-Home-Konsultationen finden Sie <a href=\"https:\/\/www.thenewyorkdoula.com\/de\/leistungen\/still-und-laktationsberatung\/\">hier<\/a><\/p>\n\n\t\t<\/div>\n\t<\/div>\n\n\t<div class=\"wpb_text_column wpb_content_element\" >\n\t\t<div class=\"wpb_wrapper\">\n\t\t\t<h3>Was passiert, wenn meine Doula bei einer anderen Geburt ist, wenn es bei mir losgeht?<\/h3>\n<p>W\u00e4hrend dies selten passiert, hat jede Doula ein Team von Kolleginnen, die sie unterst\u00fctzen. Fragen Sie Ihre Doula gerne, wer ihre generelle Vertretung ist, sodass Sie sich darauf einstellen koennen, wenn diese benoetigt wird.<\/p>\n\n\t\t<\/div>\n\t<\/div>\n\n\t<div class=\"wpb_text_column wpb_content_element\" >\n\t\t<div class=\"wpb_wrapper\">\n\t\t\t<h3>Bestehen alle Doulas aufs Stillen?<\/h3>\n<p>Sicherlich nicht! W\u00e4hrend das Stillen Nat\u00fcrlich f\u00fcr Sie und Ihr Baby am besten ist, kann es Situationen geben, in denen eine Nahrungserg\u00e4nzung oder Flaschenf\u00fctterung sinnvoll ist. Eine Stillberaterin (IBCLC) kann Sie w\u00e4hrend des gesamten Entscheidungsprozesses begleiten.<\/p>\n\n\t\t<\/div>\n\t<\/div>\n<div class=\"vc_empty_space\"   style=\"height: 32px\"><span class=\"vc_empty_space_inner\"><\/span><\/div><div class=\"column_filters\"><div class=\"blog_wrapper isotope_wrapper clearfix\"><div class=\"posts_group lm_wrapper element_classes col-2 grid hide-more\"><article class=\"post post-item isotope-item clearfix category-39 post-4210 type-post status-publish format-standard has-post-thumbnail hentry category-lactation-faq\" style=\"\"><div class=\"date_label\">28. M\u00e4rz 2019<\/div><div class=\"image_frame post-photo-wrapper scale-with-grid image\"><div class=\"image_wrapper\"><a href=\"https:\/\/www.thenewyorkdoula.com\/de\/blog\/who-hires-a-lactation-consultant\/\"><div class=\"mask\"><\/div><img loading=\"lazy\" decoding=\"async\" width=\"768\" height=\"720\" src=\"https:\/\/www.thenewyorkdoula.com\/wp-content\/uploads\/2019\/03\/doula-meme-768x720.jpg\" class=\"scale-with-grid wp-post-image\" alt=\"Stephanie - Birth Doula Meme\" \/><\/a><div class=\"image_links double\"><a class=\"zoom \"  rel=\"prettyphoto\" href=\"https:\/\/www.thenewyorkdoula.com\/wp-content\/uploads\/2019\/03\/doula-meme-768x1024.jpg\"><svg viewBox=\"0 0 26 26\"><defs><style>.path{fill:none;stroke:#333;stroke-miterlimit:10;stroke-width:1.5px;}<\/style><\/defs><circle cx=\"11.35\" cy=\"11.35\" r=\"6\" class=\"path\"><\/circle><line x1=\"15.59\" y1=\"15.59\" x2=\"20.65\" y2=\"20.65\" class=\"path\"><\/line><\/svg><\/a><a class=\"link \"  href=\"https:\/\/www.thenewyorkdoula.com\/de\/blog\/who-hires-a-lactation-consultant\/\"><svg viewBox=\"0 0 26 26\"><defs><style>.path{fill:none;stroke:#333;stroke-miterlimit:10;stroke-width:1.5px;}<\/style><\/defs><g><path d=\"M10.17,8.76l2.12-2.12a5,5,0,0,1,7.07,0h0a5,5,0,0,1,0,7.07l-2.12,2.12\" class=\"path\"><\/path><path d=\"M15.83,17.24l-2.12,2.12a5,5,0,0,1-7.07,0h0a5,5,0,0,1,0-7.07l2.12-2.12\" class=\"path\"><\/path><line x1=\"10.17\" y1=\"15.83\" x2=\"15.83\" y2=\"10.17\" class=\"path\"><\/line><\/g><\/svg><\/a><\/div><\/div><\/div><div class=\"post-desc-wrapper bg- has-custom-bg\" style=\"\"><div class=\"post-desc\"><div class=\"post-head\"><\/div><div class=\"post-title\"><h2 class=\"entry-title \" itemprop=\"headline\"><a href=\"https:\/\/www.thenewyorkdoula.com\/de\/blog\/who-hires-a-lactation-consultant\/\">Who Hires A Lactation Consultant?<\/a><\/h2><\/div><div class=\"post-excerpt\">Recently I was accompanied by a journalist who wanted to write a story about me on German TV. Watch the 7-minute story here- it&#8217;s in German<span class=\"excerpt-hellip\"> [\u2026]<\/span><\/div><\/div><\/div><\/article><\/div><\/div>\n<\/div>\n<\/div><\/div><\/div><\/div><div class=\"vc_row-full-width vc_clearfix\"><\/div><!-- Row Backgrounds --><div class=\"upb_color\" data-bg-override=\"0\" data-bg-color=\"\" data-fadeout=\"\" data-fadeout-percentage=\"30\" data-parallax-content=\"\" data-parallax-content-sense=\"30\" data-row-effect-mobile-disable=\"true\" data-img-parallax-mobile-disable=\"true\" data-rtl=\"false\"  data-custom-vc-row=\"\"  data-vc=\"8.7.2\"  data-is_old_vc=\"\"  data-theme-support=\"\"   data-overlay=\"false\" data-overlay-color=\"\" data-overlay-pattern=\"\" data-overlay-pattern-opacity=\"\" data-overlay-pattern-size=\"\"    ><\/div>\n<\/div>","protected":false},"excerpt":{"rendered":"Recently I was accompanied by a journalist who wanted to write a story about me on German TV. Watch the 7-minute story here- it's in German<span class=\"excerpt-hellip\"> [\u2026]<\/span>","protected":false},"author":1,"featured_media":0,"parent":0,"menu_order":0,"comment_status":"closed","ping_status":"closed","template":"","meta":{"_acf_changed":false,"footnotes":""},"class_list":["post-3160","page","type-page","status-publish","hentry"],"acf":[],"aioseo_notices":[],"_links":{"self":[{"href":"https:\/\/www.thenewyorkdoula.com\/de\/wp-json\/wp\/v2\/pages\/3160","targetHints":{"allow":["GET"]}}],"collection":[{"href":"https:\/\/www.thenewyorkdoula.com\/de\/wp-json\/wp\/v2\/pages"}],"about":[{"href":"https:\/\/www.thenewyorkdoula.com\/de\/wp-json\/wp\/v2\/types\/page"}],"author":[{"embeddable":true,"href":"https:\/\/www.thenewyorkdoula.com\/de\/wp-json\/wp\/v2\/users\/1"}],"replies":[{"embeddable":true,"href":"https:\/\/www.thenewyorkdoula.com\/de\/wp-json\/wp\/v2\/comments?post=3160"}],"version-history":[{"count":5,"href":"https:\/\/www.thenewyorkdoula.com\/de\/wp-json\/wp\/v2\/pages\/3160\/revisions"}],"predecessor-version":[{"id":4366,"href":"https:\/\/www.thenewyorkdoula.com\/de\/wp-json\/wp\/v2\/pages\/3160\/revisions\/4366"}],"wp:attachment":[{"href":"https:\/\/www.thenewyorkdoula.com\/de\/wp-json\/wp\/v2\/media?parent=3160"}],"curies":[{"name":"wp","href":"https:\/\/api.w.org\/{rel}","templated":true}]}}