{"id":3182,"date":"2018-01-10T19:40:34","date_gmt":"2018-01-10T19:40:34","guid":{"rendered":"https:\/\/www.thenewyorkdoula.com\/faqs\/midwife-vs-doula\/"},"modified":"2018-10-30T18:10:06","modified_gmt":"2018-10-30T18:10:06","slug":"hebamme-vs-doula","status":"publish","type":"page","link":"https:\/\/www.thenewyorkdoula.com\/de\/faq\/hebamme-vs-doula\/","title":{"rendered":"Hebamme vs Doula"},"content":{"rendered":"<div class=\"wpb-content-wrapper\"><div data-vc-full-width=\"true\" data-vc-full-width-temp=\"true\" data-vc-full-width-init=\"false\" class=\"vc_row wpb_row vc_row-fluid pink-row\"><div class=\"wpb_column vc_column_container vc_col-sm-12\"><div class=\"vc_column-inner\"><div class=\"wpb_wrapper\"><h2 style=\"text-align: left\" class=\"vc_custom_heading vc_do_custom_heading vc_custom_1540922354185\" >Hebamme vs. Doula<\/h2><\/div><\/div><\/div><\/div><div class=\"vc_row-full-width vc_clearfix\"><\/div><!-- Row Backgrounds --><div class=\"upb_color\" data-bg-override=\"0\" data-bg-color=\"\" data-fadeout=\"\" data-fadeout-percentage=\"30\" data-parallax-content=\"\" data-parallax-content-sense=\"30\" data-row-effect-mobile-disable=\"true\" data-img-parallax-mobile-disable=\"true\" data-rtl=\"false\"  data-custom-vc-row=\"\"  data-vc=\"8.7.2\"  data-is_old_vc=\"\"  data-theme-support=\"\"   data-overlay=\"false\" data-overlay-color=\"\" data-overlay-pattern=\"\" data-overlay-pattern-opacity=\"\" data-overlay-pattern-size=\"\"    ><\/div><div data-vc-full-width=\"true\" data-vc-full-width-temp=\"true\" data-vc-full-width-init=\"false\" class=\"vc_row wpb_row vc_row-fluid light-pink-row vc_custom_1520624355763\"><div class=\"wpb_column vc_column_container vc_col-sm-4\"><div class=\"vc_column-inner\"><div class=\"wpb_wrapper\">\n\t<div  class=\"wpb_single_image wpb_content_element vc_align_left wpb_content_element\">\n\t\t\n\t\t<figure class=\"wpb_wrapper vc_figure\">\n\t\t\t<div class=\"vc_single_image-wrapper   vc_box_border_grey\"><img decoding=\"async\" class=\"vc_single_image-img \" src=\"https:\/\/www.thenewyorkdoula.com\/wp-content\/uploads\/2018\/01\/NYdoula-team-768x512-350x350.jpg\" width=\"350\" height=\"350\" alt=\"NYdoula-team-768x512\" title=\"NYdoula-team-768x512\" loading=\"lazy\" \/><\/div>\n\t\t<\/figure>\n\t<\/div>\n<\/div><\/div><\/div><div class=\"wpb_column vc_column_container vc_col-sm-4\"><div class=\"vc_column-inner\"><div class=\"wpb_wrapper\">\n\t<div  class=\"wpb_single_image wpb_content_element vc_align_left wpb_content_element\">\n\t\t\n\t\t<figure class=\"wpb_wrapper vc_figure\">\n\t\t\t<div class=\"vc_single_image-wrapper   vc_box_border_grey\"><img decoding=\"async\" class=\"vc_single_image-img \" src=\"https:\/\/www.thenewyorkdoula.com\/wp-content\/uploads\/2017\/05\/myths-768x509-350x350.jpg\" width=\"350\" height=\"350\" alt=\"myths-768x509\" title=\"myths-768x509\" loading=\"lazy\" \/><\/div>\n\t\t<\/figure>\n\t<\/div>\n<\/div><\/div><\/div><div class=\"wpb_column vc_column_container vc_col-sm-4\"><div class=\"vc_column-inner\"><div class=\"wpb_wrapper\">\n\t<div  class=\"wpb_single_image wpb_content_element vc_align_left wpb_content_element\">\n\t\t\n\t\t<figure class=\"wpb_wrapper vc_figure\">\n\t\t\t<div class=\"vc_single_image-wrapper   vc_box_border_grey\"><img decoding=\"async\" class=\"vc_single_image-img \" src=\"https:\/\/www.thenewyorkdoula.com\/wp-content\/uploads\/2017\/11\/NYdoula-class-5-1024x683-350x350.jpg\" width=\"350\" height=\"350\" alt=\"NYdoula-class-5-1024x683\" title=\"NYdoula-class-5-1024x683\" loading=\"lazy\" \/><\/div>\n\t\t<\/figure>\n\t<\/div>\n<\/div><\/div><\/div><\/div><div class=\"vc_row-full-width vc_clearfix\"><\/div><!-- Row Backgrounds --><div class=\"upb_color\" data-bg-override=\"0\" data-bg-color=\"\" data-fadeout=\"\" data-fadeout-percentage=\"30\" data-parallax-content=\"\" data-parallax-content-sense=\"30\" data-row-effect-mobile-disable=\"true\" data-img-parallax-mobile-disable=\"true\" data-rtl=\"false\"  data-custom-vc-row=\"\"  data-vc=\"8.7.2\"  data-is_old_vc=\"\"  data-theme-support=\"\"   data-overlay=\"false\" data-overlay-color=\"\" data-overlay-pattern=\"\" data-overlay-pattern-opacity=\"\" data-overlay-pattern-size=\"\"    ><\/div><div data-vc-full-width=\"true\" data-vc-full-width-temp=\"true\" data-vc-full-width-init=\"false\" class=\"vc_row wpb_row vc_row-fluid\"><div class=\"wpb_column vc_column_container vc_col-sm-12\"><div class=\"vc_column-inner\"><div class=\"wpb_wrapper\">\n\t<div class=\"wpb_text_column wpb_content_element\" >\n\t\t<div class=\"wpb_wrapper\">\n\t\t\t<h3>Die Hebamme in Deutschland<\/h3>\n<p>Die Aufgaben einer Hebamme in Deutschland bestehen darin, Frauen w\u00e4hrend Schwangerschaft, Geburt, Wochenbett und Stillzeit zu beraten und zu betreuen. Ihre T\u00e4tigkeitsfelder sind Ausbildung, Leistung und Beratung in Fragen der Familienplanung, Schwangerschaftsvorsorge, Geburtsvorbereitung, Geburtshilfe, Geburt, postnatale Betreuung und F\u00fctterung des Neugeborenen. Sie kann freiberuflich arbeiten oder Angestellte in einem Krankenhaus sein. Die Kosten f\u00fcr die Vor- und Nachsorge und die Geburt (in einem Krankenhaus, Geburtshaus oder zu Hause) werden von allen Krankenkassen \u00fcbernommen.<\/p>\n\n\t\t<\/div>\n\t<\/div>\n<\/div><\/div><\/div><\/div><div class=\"vc_row-full-width vc_clearfix\"><\/div><div data-vc-full-width=\"true\" data-vc-full-width-temp=\"true\" data-vc-full-width-init=\"false\" class=\"vc_row wpb_row vc_row-fluid light-pink-row\"><div class=\"wpb_column vc_column_container vc_col-sm-12\"><div class=\"vc_column-inner\"><div class=\"wpb_wrapper\">\n\t<div class=\"wpb_text_column wpb_content_element\" >\n\t\t<div class=\"wpb_wrapper\">\n\t\t\t<h3>Was ist eine Doula?<\/h3>\n<p>In den USA spielt eine Hebamme eine geringere Rolle bei der Schwangerschaft als in Deutschland. Hebammen sind bei Geburten in den USA nie anwesend, es sei denn, man hat eine statt dem Frauenarzt (OB) gebucht. Stattdessen werden einige Aufgaben einer deutschen Hebamme in den USA von einer Doula betreut. Eine Doula ist eine nicht-medizinische Assistentin in der Schwangerschaftsvorsorge, Geburt und in der Zeit nach der Geburt. Das Wort Doula ist griechisch und bezieht sich auf eine Frau, die einer andere Frau pers\u00f6nlich bedient.<\/p>\n\n\t\t<\/div>\n\t<\/div>\n<\/div><\/div><\/div><\/div><div class=\"vc_row-full-width vc_clearfix\"><\/div><!-- Row Backgrounds --><div class=\"upb_color\" data-bg-override=\"0\" data-bg-color=\"\" data-fadeout=\"\" data-fadeout-percentage=\"30\" data-parallax-content=\"\" data-parallax-content-sense=\"30\" data-row-effect-mobile-disable=\"true\" data-img-parallax-mobile-disable=\"true\" data-rtl=\"false\"  data-custom-vc-row=\"\"  data-vc=\"8.7.2\"  data-is_old_vc=\"\"  data-theme-support=\"\"   data-overlay=\"false\" data-overlay-color=\"\" data-overlay-pattern=\"\" data-overlay-pattern-opacity=\"\" data-overlay-pattern-size=\"\"    ><\/div><div data-vc-full-width=\"true\" data-vc-full-width-temp=\"true\" data-vc-full-width-init=\"false\" class=\"vc_row wpb_row vc_row-fluid\"><div class=\"wpb_column vc_column_container vc_col-sm-12\"><div class=\"vc_column-inner\"><div class=\"wpb_wrapper\"><div class=\"vc_row wpb_row vc_inner vc_row-fluid vc_column-gap-20 vc_row-o-equal-height vc_row-flex\"><div class=\"wpb_column vc_column_container vc_col-sm-6 vc_col-has-fill\"><div class=\"vc_column-inner vc_custom_1515613318709\"><div class=\"wpb_wrapper\"><h3 style=\"text-align: left\" class=\"vc_custom_heading vc_do_custom_heading\" >Doula: Durchgehende Betreuung w\u00e4hrend Schwangerschaft, Geburt und Wochenbett <\/h3>\n\t<div class=\"wpb_text_column wpb_content_element vc_custom_1540921802580\" >\n\t\t<div class=\"wpb_wrapper\">\n\t\t\t<ul>\n<li>Macht Hausbesuche<\/li>\n<li>Nicht-medizinische Schwangerschaft und Geburts-Coach Begleitet Sie<\/li>\n<li>egal wo Sie entbinden (Klinikgeburt, Hausgeburt, Geburtshaus)<\/li>\n<li>W\u00e4hrend der Geburt: Begleitet Sie, leitet Sie an, bringt Sie in gute Positionen, hilft Ihnen durch die Kontraktionen, massiert Sie, schafft eine beruhigende Atmosph\u00e4re, sorgt daf\u00fcr, dass Ihr Partner sich sicher und zuversichtlich f\u00fchlen, informiert Sie \u00fcber die Abl\u00e4ufe im Krankenhaus, kommuniziert mit Ihrem Geburtsteam<\/li>\n<li>Senkt die Kaiserschnittrate um 40%!<\/li>\n<li>Hat oftmals ansere Zertifizierungen wie Stillberaterin oder Geburtsvorbereiterin<\/li>\n<\/ul>\n\n\t\t<\/div>\n\t<\/div>\n<\/div><\/div><\/div><div class=\"wpb_column vc_column_container vc_col-sm-6 vc_col-has-fill\"><div class=\"vc_column-inner vc_custom_1515613340179\"><div class=\"wpb_wrapper\"><h3 style=\"text-align: left\" class=\"vc_custom_heading vc_do_custom_heading\" >Hebamme: Medizinische Unterst\u00fctzung w\u00e4hrend Ihrer Schwangerschaft<\/h3>\n\t<div class=\"wpb_text_column wpb_content_element vc_custom_1540922287675\" >\n\t\t<div class=\"wpb_wrapper\">\n\t\t\t<ul>\n<li>Hausbesuche werden nur gemacht, wenn Sie eine Hausgeburt haben.<\/li>\n<li>K\u00fcmmert sich um Sie medizinisch, ist oft in einem Team von 4-6 und einer von ihnen wird bei Ihrer Geburt sein.<\/li>\n<li>Arbeitet in einem Krankenhaus, Geburtszentrum oder Hausgeburten<\/li>\n<li>Wird von Zeit zu Zeit auf Sie achten, Sie vor der medizinischen Seite sch\u00fctzen, Ihr Baby \u00fcberwachen und ausliefern<\/li>\n<\/ul>\n\n\t\t<\/div>\n\t<\/div>\n<\/div><\/div><\/div><\/div><\/div><\/div><\/div><\/div><div class=\"vc_row-full-width vc_clearfix\"><\/div>\n<\/div>","protected":false},"excerpt":{"rendered":"Hebamme vs. Doula Die Hebamme in Deutschland Die Aufgaben einer Hebamme in Deutschland bestehen darin, Frauen w\u00e4hrend Schwangerschaft, Geburt, Wochenbett und Stillzeit zu beraten und zu<span class=\"excerpt-hellip\"> [\u2026]<\/span>","protected":false},"author":1,"featured_media":0,"parent":3160,"menu_order":0,"comment_status":"closed","ping_status":"closed","template":"","meta":{"_acf_changed":false,"footnotes":""},"class_list":["post-3182","page","type-page","status-publish","hentry"],"acf":[],"aioseo_notices":[],"_links":{"self":[{"href":"https:\/\/www.thenewyorkdoula.com\/de\/wp-json\/wp\/v2\/pages\/3182","targetHints":{"allow":["GET"]}}],"collection":[{"href":"https:\/\/www.thenewyorkdoula.com\/de\/wp-json\/wp\/v2\/pages"}],"about":[{"href":"https:\/\/www.thenewyorkdoula.com\/de\/wp-json\/wp\/v2\/types\/page"}],"author":[{"embeddable":true,"href":"https:\/\/www.thenewyorkdoula.com\/de\/wp-json\/wp\/v2\/users\/1"}],"replies":[{"embeddable":true,"href":"https:\/\/www.thenewyorkdoula.com\/de\/wp-json\/wp\/v2\/comments?post=3182"}],"version-history":[{"count":4,"href":"https:\/\/www.thenewyorkdoula.com\/de\/wp-json\/wp\/v2\/pages\/3182\/revisions"}],"predecessor-version":[{"id":3867,"href":"https:\/\/www.thenewyorkdoula.com\/de\/wp-json\/wp\/v2\/pages\/3182\/revisions\/3867"}],"up":[{"embeddable":true,"href":"https:\/\/www.thenewyorkdoula.com\/de\/wp-json\/wp\/v2\/pages\/3160"}],"wp:attachment":[{"href":"https:\/\/www.thenewyorkdoula.com\/de\/wp-json\/wp\/v2\/media?parent=3182"}],"curies":[{"name":"wp","href":"https:\/\/api.w.org\/{rel}","templated":true}]}}